{"id":523,"date":"2022-04-07T12:56:04","date_gmt":"2022-04-07T12:56:04","guid":{"rendered":"http:\/\/localhost:10010\/?page_id=523"},"modified":"2024-04-17T14:19:12","modified_gmt":"2024-04-17T14:19:12","slug":"apropos","status":"publish","type":"page","link":"https:\/\/dfinder.eu\/fr_fr\/apropos\/","title":{"rendered":"A propos de nous"},"content":{"rendered":"<p>[et_pb_section fb_built=&#8221;1&#8243; fullwidth=&#8221;on&#8221; _builder_version=&#8221;4.15.1&#8243; _module_preset=&#8221;default&#8221; background_image=&#8221;https:\/\/dfinder.eu\/wp-content\/uploads\/2022\/04\/pexels-fauxels-3184418-scaled.jpg&#8221; min_height=&#8221;393.8px&#8221; custom_margin=&#8221;||-5px|||&#8221; custom_padding=&#8221;48px||48px||true|&#8221; global_colors_info=&#8221;{}&#8221;][et_pb_fullwidth_header _builder_version=&#8221;4.15.1&#8243; _module_preset=&#8221;default&#8221; title_font_size=&#8221;34px&#8221; content_text_align=&#8221;center&#8221; content_font_size=&#8221;60px&#8221; background_enable_color=&#8221;off&#8221; custom_margin=&#8221;64px|||||&#8221; global_colors_info=&#8221;{}&#8221;]<\/p>\n<p>A propos de nous<\/p>\n<p>[\/et_pb_fullwidth_header][\/et_pb_section][et_pb_section fb_built=&#8221;1&#8243; _builder_version=&#8221;4.15.1&#8243; _module_preset=&#8221;default&#8221; background_color=&#8221;rgba(244,244,244,0.99)&#8221; custom_margin=&#8221;3px|||||&#8221; global_colors_info=&#8221;{}&#8221;][et_pb_row _builder_version=&#8221;4.16.0&#8243; _module_preset=&#8221;default&#8221; global_colors_info=&#8221;{}&#8221;][et_pb_column type=&#8221;4_4&#8243; _builder_version=&#8221;4.16.0&#8243; _module_preset=&#8221;default&#8221; global_colors_info=&#8221;{}&#8221;][et_pb_text _builder_version=&#8221;4.15.1&#8243; _module_preset=&#8221;default&#8221; text_font=&#8221;|600|||||||&#8221; text_text_color=&#8221;#DB403D&#8221; text_font_size=&#8221;25px&#8221; header_font_size=&#8221;41px&#8221; min_height=&#8221;75.6px&#8221; custom_margin=&#8221;||-40px||false|false&#8221; custom_padding=&#8221;||5px||false|false&#8221; global_colors_info=&#8221;{}&#8221;]<\/p>\n<h1><span style=\"color: #ff0000;\">Qui sommes nous ?<\/span><\/h1>\n<p>[\/et_pb_text][\/et_pb_column][\/et_pb_row][et_pb_row _builder_version=&#8221;4.15.1&#8243; _module_preset=&#8221;default&#8221; global_colors_info=&#8221;{}&#8221;][et_pb_column type=&#8221;4_4&#8243; _builder_version=&#8221;4.16.0&#8243; _module_preset=&#8221;default&#8221; global_colors_info=&#8221;{}&#8221;][et_pb_text _builder_version=&#8221;4.15.1&#8243; _module_preset=&#8221;default&#8221; text_font=&#8221;Verdana||||||||&#8221; text_font_size=&#8221;21px&#8221; text_orientation=&#8221;justified&#8221; global_colors_info=&#8221;{}&#8221;]<\/p>\n<p><span style=\"color: #000000;\">Soci\u00e9t\u00e9 par actions simplifi\u00e9e au capital de 204 000 \u20ac, cr\u00e9\u00e9e le 25 f\u00e9vrier 2020 \u00e0 MONBRUN, Dfinder compte 11 associ\u00e9s dont la moyenne d'\u00e2ge est de 47 ans.<\/span><\/p>\n<p><span style=\"color: #000000;\">Nos march\u00e9s :<\/span><\/p>\n<p><span style=\"color: #000000;\">- Etat de sant\u00e9 et \u00e9valuation des performances des syst\u00e8mes en place<br \/><\/span><\/p>\n<p><span style=\"color: #000000;\">\u2013 Innovation pour l'industrie 4.0<br \/><\/span><\/p>\n<p><span style=\"color: #000000;\">Membres fondateurs : Des experts en a\u00e9ronautique, nucl\u00e9aire, marine et automobile depuis plus de 30 ans mais aussi des professionnels du commerce et du management.<\/span><\/p>\n<p>[\/et_pb_text][\/et_pb_column][\/et_pb_row][et_pb_row _builder_version=&#8221;4.16.0&#8243; _module_preset=&#8221;default&#8221; min_height=&#8221;145.9px&#8221; global_colors_info=&#8221;{}&#8221;][et_pb_column type=&#8221;4_4&#8243; _builder_version=&#8221;4.16.0&#8243; _module_preset=&#8221;default&#8221; global_colors_info=&#8221;{}&#8221;][et_pb_text _builder_version=&#8221;4.15.1&#8243; _module_preset=&#8221;default&#8221; text_font_size=&#8221;21px&#8221; text_line_height=&#8221;2.1em&#8221; header_2_font_size=&#8221;29px&#8221; text_orientation=&#8221;justified&#8221; global_colors_info=&#8221;{}&#8221;]<\/p>\n<h2><strong><\/strong><\/h2>\n<h2><strong>Notre pr\u00e9sence<br \/><\/strong><\/h2>\n<div><strong><\/strong><\/div>\n<div><\/div>\n<p>[\/et_pb_text][et_pb_text _builder_version=&#8221;4.15.1&#8243; _module_preset=&#8221;default&#8221; text_text_color=&#8221;#000000&#8243; text_font_size=&#8221;21px&#8221; custom_padding=&#8221;||0px|||&#8221; global_colors_info=&#8221;{}&#8221;]<\/p>\n<p>Cr\u00e9\u00e9 en France DFinder est pr\u00e9sent dans deux r\u00e9gions:<\/p>\n<p>[\/et_pb_text][\/et_pb_column][\/et_pb_row][et_pb_row column_structure=&#8221;1_2,1_2&#8243; _builder_version=&#8221;4.15.1&#8243; _module_preset=&#8221;default&#8221; global_colors_info=&#8221;{}&#8221;][et_pb_column type=&#8221;1_2&#8243; _builder_version=&#8221;4.15.1&#8243; _module_preset=&#8221;default&#8221; global_colors_info=&#8221;{}&#8221;][et_pb_text _builder_version=&#8221;4.15.1&#8243; _module_preset=&#8221;default&#8221; text_font_size=&#8221;21px&#8221; text_line_height=&#8221;2.1em&#8221; header_2_font_size=&#8221;29px&#8221; text_orientation=&#8221;center&#8221; global_colors_info=&#8221;{}&#8221;]<\/p>\n<h2><strong>Occitanie<\/strong><\/h2>\n<p>[\/et_pb_text][et_pb_text _builder_version=&#8221;4.15.1&#8243; _module_preset=&#8221;default&#8221; text_font_size=&#8221;17px&#8221; text_orientation=&#8221;center&#8221; global_colors_info=&#8221;{}&#8221;]<\/p>\n<p>Direction : Marie-Anne De Smet<\/p>\n<p>[\/et_pb_text][et_pb_text _builder_version=&#8221;4.15.1&#8243; _module_preset=&#8221;default&#8221; text_text_color=&#8221;#000000&#8243; text_font_size=&#8221;20px&#8221; text_orientation=&#8221;center&#8221; border_width_all=&#8221;2px&#8221; border_color_all=&#8221;#000000&#8243; border_style_all=&#8221;groove&#8221; global_colors_info=&#8221;{}&#8221;]<\/p>\n<p>Structure Health Monitoring<\/p>\n<p>Capteurs - NDT - data analysis - contr\u00f4le qualit\u00e9<\/p>\n<p>Structure Health Management<\/p>\n<p>diagnostique - pr\u00e9diction - pr\u00e9vention fiabilit\u00e9<\/p>\n<p>Mat\u00e9riaux et proc\u00e9d\u00e9s<\/p>\n<p>DevOps<\/p>\n<p>Interfaces Homme Machine<\/p>\n<p>[\/et_pb_text][et_pb_image _builder_version=&#8221;4.15.1&#8243; _module_preset=&#8221;default&#8221; global_colors_info=&#8221;{}&#8221;][\/et_pb_image][\/et_pb_column][et_pb_column type=&#8221;1_2&#8243; _builder_version=&#8221;4.15.1&#8243; _module_preset=&#8221;default&#8221; global_colors_info=&#8221;{}&#8221;][et_pb_text _builder_version=&#8221;4.15.1&#8243; _module_preset=&#8221;default&#8221; text_orientation=&#8221;center&#8221; locked=&#8221;off&#8221; global_colors_info=&#8221;{}&#8221;]<\/p>\n<h2><strong>Normandie<\/strong><\/h2>\n<p>[\/et_pb_text][et_pb_text _builder_version=&#8221;4.15.1&#8243; _module_preset=&#8221;default&#8221; text_font_size=&#8221;17px&#8221; text_orientation=&#8221;center&#8221; locked=&#8221;off&#8221; global_colors_info=&#8221;{}&#8221;]<\/p>\n<p>Direction: Luc Benechet<\/p>\n<p>[\/et_pb_text][et_pb_text _builder_version=&#8221;4.15.1&#8243; _module_preset=&#8221;default&#8221; text_text_color=&#8221;#000000&#8243; text_font_size=&#8221;20px&#8221; text_orientation=&#8221;center&#8221; min_height=&#8221;291.9px&#8221; border_width_all=&#8221;2px&#8221; border_color_all=&#8221;#000000&#8243; border_style_all=&#8221;groove&#8221; locked=&#8221;off&#8221; global_colors_info=&#8221;{}&#8221;]<\/p>\n<p>Industrialisation<\/p>\n<p>Industrie 4.0<\/p>\n<p>automatisme et robotique<\/p>\n<p>Mechanical and electronic design<\/p>\n<p>M\u00e9catronique<\/p>\n<p>Big data<\/p>\n<p>Int\u00e9gration<\/p>\n<p>[\/et_pb_text][\/et_pb_column][\/et_pb_row][et_pb_row _builder_version=&#8221;4.16.0&#8243; _module_preset=&#8221;default&#8221; min_height=&#8221;370.9px&#8221; global_colors_info=&#8221;{}&#8221;][et_pb_column type=&#8221;4_4&#8243; _builder_version=&#8221;4.16.0&#8243; _module_preset=&#8221;default&#8221; global_colors_info=&#8221;{}&#8221;][et_pb_text _builder_version=&#8221;4.15.1&#8243; _module_preset=&#8221;default&#8221; text_font_size=&#8221;21px&#8221; text_line_height=&#8221;2.1em&#8221; header_2_font_size=&#8221;29px&#8221; text_orientation=&#8221;justified&#8221; global_colors_info=&#8221;{}&#8221;]<\/p>\n<h2><strong><\/strong><\/h2>\n<h2><strong>Comp\u00e9tences DFinder :<\/strong><\/h2>\n<div><strong><\/strong><\/div>\n<div><\/div>\n<p>[\/et_pb_text][et_pb_text _builder_version=&#8221;4.15.1&#8243; _module_preset=&#8221;default&#8221; text_font_size=&#8221;21px&#8221; hover_enabled=&#8221;0&#8243; global_colors_info=&#8221;{}&#8221; sticky_enabled=&#8221;0&#8243;]<\/p>\n<p>-Ing\u00e9nierie des mat\u00e9riaux et des proc\u00e9d\u00e9s : experts en essais non destructifs appliqu\u00e9s \u00e0 la fabrication, au fonctionnement et \u00e0 l'installation de la d\u00e9tection sur les structures.<\/p>\n<p>-Surveillance de la sant\u00e9 des structures avec brevets d\u00e9pos\u00e9s<\/p>\n<p>-Gestion de l'int\u00e9grit\u00e9 structurelle, en tenant compte de l'impact de la fatigue et des conditions environnementales<\/p>\n<p>-\u00c9lectronique et automatisation<\/p>\n<p>-Automatisation, informatique et robotique<\/p>\n<p>-M\u00e9catronique<\/p>\n<p>-\u00c9valuation de fiabilit\u00e9<\/p>\n<p>[\/et_pb_text][et_pb_text _builder_version=&#8221;4.15.1&#8243; _module_preset=&#8221;default&#8221; text_font_size=&#8221;27px&#8221; header_2_font_size=&#8221;27px&#8221; custom_margin=&#8221;51px||||false|false&#8221; global_colors_info=&#8221;{}&#8221;]<\/p>\n<h2><strong>Partenaire de projets de recherche et d\u00e9veloppement permettant une innovation permanente !<\/strong><\/h2>\n<p>[\/et_pb_text][\/et_pb_column][\/et_pb_row][et_pb_row column_structure=&#8221;1_3,1_3,1_3&#8243; _builder_version=&#8221;4.15.1&#8243; _module_preset=&#8221;default&#8221; global_colors_info=&#8221;{}&#8221;][et_pb_column type=&#8221;1_3&#8243; _builder_version=&#8221;4.15.1&#8243; _module_preset=&#8221;default&#8221; global_colors_info=&#8221;{}&#8221;][et_pb_image src=&#8221;https:\/\/dfinder.eu\/wp-content\/uploads\/2022\/04\/headersf.png&#8221; title_text=&#8221;headersf&#8221; _builder_version=&#8221;4.15.1&#8243; _module_preset=&#8221;default&#8221; global_colors_info=&#8221;{}&#8221;][\/et_pb_image][\/et_pb_column][et_pb_column type=&#8221;1_3&#8243; _builder_version=&#8221;4.15.1&#8243; _module_preset=&#8221;default&#8221; global_colors_info=&#8221;{}&#8221;][et_pb_image src=&#8221;https:\/\/dfinder.eu\/wp-content\/uploads\/2022\/04\/headersf.png&#8221; title_text=&#8221;headersf&#8221; _builder_version=&#8221;4.15.1&#8243; _module_preset=&#8221;default&#8221; max_height=&#8221;117px&#8221; animation_direction=&#8221;right&#8221; global_colors_info=&#8221;{}&#8221;][\/et_pb_image][\/et_pb_column][et_pb_column type=&#8221;1_3&#8243; _builder_version=&#8221;4.15.1&#8243; _module_preset=&#8221;default&#8221; global_colors_info=&#8221;{}&#8221;][et_pb_image src=&#8221;https:\/\/dfinder.eu\/wp-content\/uploads\/2022\/04\/headersf.png&#8221; title_text=&#8221;headersf&#8221; _builder_version=&#8221;4.15.1&#8243; _module_preset=&#8221;default&#8221; global_colors_info=&#8221;{}&#8221;][\/et_pb_image][\/et_pb_column][\/et_pb_row][\/et_pb_section][et_pb_section fb_built=&#8221;1&#8243; prev_background_color=&#8221;rgba(244,244,244,0.99)&#8221; _builder_version=&#8221;4.15.1&#8243; _module_preset=&#8221;default&#8221; background_color=&#8221;rgba(214,214,214,0.59)&#8221; top_divider_style=&#8221;mountains2&#8243; global_colors_info=&#8221;{}&#8221;][et_pb_row _builder_version=&#8221;4.15.1&#8243; _module_preset=&#8221;default&#8221; custom_margin=&#8221;60px||||false|false&#8221; global_colors_info=&#8221;{}&#8221;][et_pb_column type=&#8221;4_4&#8243; _builder_version=&#8221;4.15.1&#8243; _module_preset=&#8221;default&#8221; global_colors_info=&#8221;{}&#8221;][et_pb_text _builder_version=&#8221;4.15.1&#8243; _module_preset=&#8221;default&#8221; text_text_color=&#8221;#000000&#8243; text_font_size=&#8221;35px&#8221; text_orientation=&#8221;center&#8221; global_colors_info=&#8221;{}&#8221;]<\/p>\n<p>Nos partenaires :<\/p>\n<p>[\/et_pb_text][\/et_pb_column][\/et_pb_row][et_pb_row _builder_version=&#8221;4.15.1&#8243; _module_preset=&#8221;default&#8221; custom_padding=&#8221;57px||57px||true|false&#8221; global_colors_info=&#8221;{}&#8221;][et_pb_column type=&#8221;4_4&#8243; _builder_version=&#8221;4.15.1&#8243; _module_preset=&#8221;default&#8221; global_colors_info=&#8221;{}&#8221;][wdcl_logo_carousel animation_speed=&#8221;2900ms&#8221; autoplay_speed=&#8221;6200ms&#8221; nav_pagi=&#8221;pagi&#8221; is_variable_width=&#8221;on&#8221; is_center=&#8221;on&#8221; _builder_version=&#8221;4.15.1&#8243; _module_preset=&#8221;default&#8221; global_colors_info=&#8221;{}&#8221;][wdcl_logo_carousel_child logo=&#8221;https:\/\/dfinder.eu\/wp-content\/uploads\/2022\/04\/ujm2.png&#8221; _builder_version=&#8221;4.15.1&#8243; _module_preset=&#8221;default&#8221; link_option_url=&#8221;https:\/\/www.univ-st-etienne.fr\/fr\/index.html&#8221; global_colors_info=&#8221;{}&#8221;][\/wdcl_logo_carousel_child][wdcl_logo_carousel_child logo=&#8221;https:\/\/dfinder.eu\/wp-content\/uploads\/2022\/04\/Logo_B-SENS_OFF.png&#8221; _builder_version=&#8221;4.15.1&#8243; _module_preset=&#8221;default&#8221; transform_scale=&#8221;70%|70%&#8221; transform_translate=&#8221;6px|-11px&#8221; transform_translate_linked=&#8221;off&#8221; link_option_url=&#8221;https:\/\/b-sens.be\/&#8221; global_colors_info=&#8221;{}&#8221;][\/wdcl_logo_carousel_child][wdcl_logo_carousel_child logo=&#8221;https:\/\/dfinder.eu\/wp-content\/uploads\/2022\/04\/e2sense2.png&#8221; _builder_version=&#8221;4.15.1&#8243; _module_preset=&#8221;default&#8221; transform_scale=&#8221;114%|114%&#8221; transform_translate=&#8221;-1px|13px&#8221; transform_translate_linked=&#8221;off&#8221; link_option_url=&#8221;https:\/\/e2sense.com\/&#8221; global_colors_info=&#8221;{}&#8221;][\/wdcl_logo_carousel_child][wdcl_logo_carousel_child logo=&#8221;https:\/\/dfinder.eu\/wp-content\/uploads\/2022\/04\/bucephale2-1.png&#8221; _builder_version=&#8221;4.15.1&#8243; _module_preset=&#8221;default&#8221; transform_scale=&#8221;98%|98%&#8221; transform_translate=&#8221;-1px|-4px&#8221; transform_translate_linked=&#8221;off&#8221; link_option_url=&#8221;https:\/\/bucephale.com\/&#8221; global_colors_info=&#8221;{}&#8221;][\/wdcl_logo_carousel_child][\/wdcl_logo_carousel][\/et_pb_column][\/et_pb_row][\/et_pb_section][et_pb_section fb_built=&#8221;1&#8243; _builder_version=&#8221;4.15.1&#8243; _module_preset=&#8221;default&#8221; background_color=&#8221;rgba(214,214,214,0.59)&#8221; global_colors_info=&#8221;{}&#8221;][et_pb_row _builder_version=&#8221;4.15.1&#8243; _module_preset=&#8221;default&#8221; global_colors_info=&#8221;{}&#8221;][et_pb_column type=&#8221;4_4&#8243; _builder_version=&#8221;4.15.1&#8243; _module_preset=&#8221;default&#8221; global_colors_info=&#8221;{}&#8221;][et_pb_text _builder_version=&#8221;4.15.1&#8243; _module_preset=&#8221;default&#8221; text_text_color=&#8221;#000000&#8243; text_font_size=&#8221;35px&#8221; text_orientation=&#8221;center&#8221; global_colors_info=&#8221;{}&#8221;]<\/p>\n<p>Ils nous font confiance :<\/p>\n<p>[\/et_pb_text][wdcl_logo_carousel animation_speed=&#8221;2900ms&#8221; autoplay_speed=&#8221;6200ms&#8221; nav_pagi=&#8221;pagi&#8221; is_variable_width=&#8221;on&#8221; is_center=&#8221;on&#8221; pagi_pos_y=&#8221;-139px&#8221; _builder_version=&#8221;4.15.1&#8243; _module_preset=&#8221;default&#8221; max_height=&#8221;187px&#8221; custom_margin=&#8221;||-7px||false|false&#8221; custom_padding=&#8221;||0px||false|false&#8221; global_colors_info=&#8221;{}&#8221;][wdcl_logo_carousel_child logo=&#8221;https:\/\/dfinder.eu\/wp-content\/uploads\/2022\/04\/logo_addocc.png&#8221; _builder_version=&#8221;4.15.1&#8243; _module_preset=&#8221;default&#8221; transform_scale=&#8221;72%|72%&#8221; link_option_url=&#8221;https:\/\/www.agence-adocc.com\/&#8221; global_colors_info=&#8221;{}&#8221;][\/wdcl_logo_carousel_child][wdcl_logo_carousel_child logo=&#8221;https:\/\/dfinder.eu\/wp-content\/uploads\/2022\/04\/LOGO_AEROSPACE_VALLEY_Fond_Clair_PNG.png&#8221; _builder_version=&#8221;4.15.1&#8243; _module_preset=&#8221;default&#8221; transform_scale=&#8221;70%|70%&#8221; transform_translate=&#8221;6px|-106px&#8221; transform_translate_linked=&#8221;off&#8221; link_option_url=&#8221;https:\/\/www.aerospace-valley.com\/&#8221; global_colors_info=&#8221;{}&#8221;][\/wdcl_logo_carousel_child][wdcl_logo_carousel_child logo=&#8221;https:\/\/dfinder.eu\/wp-content\/uploads\/2022\/04\/windocc.jpg&#8221; _builder_version=&#8221;4.15.1&#8243; _module_preset=&#8221;default&#8221; transform_scale=&#8221;63%|63%&#8221; transform_translate=&#8221;-1px|-39px&#8221; transform_translate_linked=&#8221;off&#8221; global_colors_info=&#8221;{}&#8221;][\/wdcl_logo_carousel_child][\/wdcl_logo_carousel][\/et_pb_column][\/et_pb_row][\/et_pb_section]<\/p>","protected":false},"excerpt":{"rendered":"<p>About usWho are we ?Simplified joint stock company with a capital of 204 000 \u20ac, created on February 25, 2020 in MONBRUN, Dfinder has 11 partners with an average age of 47 years. Our markets: &#8211; Global Health and Performance assesment of systems in operation &#8211; Innovation for Industry 4.0 solutions Founding members: Experts in [&hellip;]<\/p>","protected":false},"author":1,"featured_media":0,"parent":0,"menu_order":0,"comment_status":"closed","ping_status":"closed","template":"","meta":{"_et_pb_use_builder":"on","_et_pb_old_content":"","_et_gb_content_width":"","footnotes":""},"class_list":["post-523","page","type-page","status-publish","hentry"],"yoast_head":"<!-- This site is optimized with the Yoast SEO plugin v22.3 - https:\/\/yoast.com\/wordpress\/plugins\/seo\/ -->\n<title>A propos de nous | Dfinder<\/title>\n<meta name=\"robots\" content=\"index, follow, max-snippet:-1, max-image-preview:large, max-video-preview:-1\" \/>\n<link rel=\"canonical\" href=\"https:\/\/dfinder.eu\/fr_fr\/apropos\/\" \/>\n<meta property=\"og:locale\" content=\"fr_FR\" \/>\n<meta property=\"og:type\" content=\"article\" \/>\n<meta property=\"og:title\" content=\"A propos de nous | Dfinder\" \/>\n<meta property=\"og:description\" content=\"About usWho are we ?Simplified joint stock company with a capital of 204 000 \u20ac, created on February 25, 2020 in MONBRUN, Dfinder has 11 partners with an average age of 47 years. Our markets: - Global Health and Performance assesment of systems in operation - Innovation for Industry 4.0 solutions Founding members: Experts in [&hellip;]\" \/>\n<meta property=\"og:url\" content=\"https:\/\/dfinder.eu\/fr_fr\/apropos\/\" \/>\n<meta property=\"og:site_name\" content=\"Dfinder\" \/>\n<meta property=\"article:modified_time\" content=\"2024-04-17T14:19:12+00:00\" \/>\n<meta name=\"twitter:card\" content=\"summary_large_image\" \/>\n<meta name=\"twitter:label1\" content=\"Dur\u00e9e de lecture estim\u00e9e\" \/>\n\t<meta name=\"twitter:data1\" content=\"8 minutes\" \/>\n<script type=\"application\/ld+json\" class=\"yoast-schema-graph\">{\"@context\":\"https:\/\/schema.org\",\"@graph\":[{\"@type\":\"WebPage\",\"@id\":\"https:\/\/dfinder.eu\/apropos\/\",\"url\":\"https:\/\/dfinder.eu\/apropos\/\",\"name\":\"A propos de nous | Dfinder\",\"isPartOf\":{\"@id\":\"https:\/\/dfinder.eu\/#website\"},\"datePublished\":\"2022-04-07T12:56:04+00:00\",\"dateModified\":\"2024-04-17T14:19:12+00:00\",\"breadcrumb\":{\"@id\":\"https:\/\/dfinder.eu\/apropos\/#breadcrumb\"},\"inLanguage\":\"fr-FR\",\"potentialAction\":[{\"@type\":\"ReadAction\",\"target\":[\"https:\/\/dfinder.eu\/apropos\/\"]}]},{\"@type\":\"BreadcrumbList\",\"@id\":\"https:\/\/dfinder.eu\/apropos\/#breadcrumb\",\"itemListElement\":[{\"@type\":\"ListItem\",\"position\":1,\"name\":\"Accueil\",\"item\":\"https:\/\/dfinder.eu\/\"},{\"@type\":\"ListItem\",\"position\":2,\"name\":\"A propos de nous\"}]},{\"@type\":\"WebSite\",\"@id\":\"https:\/\/dfinder.eu\/#website\",\"url\":\"https:\/\/dfinder.eu\/\",\"name\":\"Dfinder\",\"description\":\"Le partenaire performance\",\"publisher\":{\"@id\":\"https:\/\/dfinder.eu\/#organization\"},\"potentialAction\":[{\"@type\":\"SearchAction\",\"target\":{\"@type\":\"EntryPoint\",\"urlTemplate\":\"https:\/\/dfinder.eu\/?s={search_term_string}\"},\"query-input\":\"required name=search_term_string\"}],\"inLanguage\":\"fr-FR\"},{\"@type\":\"Organization\",\"@id\":\"https:\/\/dfinder.eu\/#organization\",\"name\":\"DFinder\",\"url\":\"https:\/\/dfinder.eu\/\",\"logo\":{\"@type\":\"ImageObject\",\"inLanguage\":\"fr-FR\",\"@id\":\"https:\/\/dfinder.eu\/#\/schema\/logo\/image\/\",\"url\":\"https:\/\/i0.wp.com\/dfinder.eu\/wp-content\/uploads\/2022\/04\/logoHeader.png?fit=117%2C102&ssl=1\",\"contentUrl\":\"https:\/\/i0.wp.com\/dfinder.eu\/wp-content\/uploads\/2022\/04\/logoHeader.png?fit=117%2C102&ssl=1\",\"width\":117,\"height\":102,\"caption\":\"DFinder\"},\"image\":{\"@id\":\"https:\/\/dfinder.eu\/#\/schema\/logo\/image\/\"}}]}<\/script>\n<!-- \/ Yoast SEO plugin. -->","yoast_head_json":{"title":"A propos de nous | Dfinder","robots":{"index":"index","follow":"follow","max-snippet":"max-snippet:-1","max-image-preview":"max-image-preview:large","max-video-preview":"max-video-preview:-1"},"canonical":"https:\/\/dfinder.eu\/fr_fr\/apropos\/","og_locale":"fr_FR","og_type":"article","og_title":"A propos de nous | Dfinder","og_description":"About usWho are we ?Simplified joint stock company with a capital of 204 000 \u20ac, created on February 25, 2020 in MONBRUN, Dfinder has 11 partners with an average age of 47 years. Our markets: - Global Health and Performance assesment of systems in operation - Innovation for Industry 4.0 solutions Founding members: Experts in [&hellip;]","og_url":"https:\/\/dfinder.eu\/fr_fr\/apropos\/","og_site_name":"Dfinder","article_modified_time":"2024-04-17T14:19:12+00:00","twitter_card":"summary_large_image","twitter_misc":{"Dur\u00e9e de lecture estim\u00e9e":"8 minutes"},"schema":{"@context":"https:\/\/schema.org","@graph":[{"@type":"WebPage","@id":"https:\/\/dfinder.eu\/apropos\/","url":"https:\/\/dfinder.eu\/apropos\/","name":"A propos de nous | Dfinder","isPartOf":{"@id":"https:\/\/dfinder.eu\/#website"},"datePublished":"2022-04-07T12:56:04+00:00","dateModified":"2024-04-17T14:19:12+00:00","breadcrumb":{"@id":"https:\/\/dfinder.eu\/apropos\/#breadcrumb"},"inLanguage":"fr-FR","potentialAction":[{"@type":"ReadAction","target":["https:\/\/dfinder.eu\/apropos\/"]}]},{"@type":"BreadcrumbList","@id":"https:\/\/dfinder.eu\/apropos\/#breadcrumb","itemListElement":[{"@type":"ListItem","position":1,"name":"Accueil","item":"https:\/\/dfinder.eu\/"},{"@type":"ListItem","position":2,"name":"A propos de nous"}]},{"@type":"WebSite","@id":"https:\/\/dfinder.eu\/#website","url":"https:\/\/dfinder.eu\/","name":"Dfinder","description":"Le partenaire performance","publisher":{"@id":"https:\/\/dfinder.eu\/#organization"},"potentialAction":[{"@type":"SearchAction","target":{"@type":"EntryPoint","urlTemplate":"https:\/\/dfinder.eu\/?s={search_term_string}"},"query-input":"required name=search_term_string"}],"inLanguage":"fr-FR"},{"@type":"Organization","@id":"https:\/\/dfinder.eu\/#organization","name":"DFinder","url":"https:\/\/dfinder.eu\/","logo":{"@type":"ImageObject","inLanguage":"fr-FR","@id":"https:\/\/dfinder.eu\/#\/schema\/logo\/image\/","url":"https:\/\/i0.wp.com\/dfinder.eu\/wp-content\/uploads\/2022\/04\/logoHeader.png?fit=117%2C102&ssl=1","contentUrl":"https:\/\/i0.wp.com\/dfinder.eu\/wp-content\/uploads\/2022\/04\/logoHeader.png?fit=117%2C102&ssl=1","width":117,"height":102,"caption":"DFinder"},"image":{"@id":"https:\/\/dfinder.eu\/#\/schema\/logo\/image\/"}}]}},"jetpack_sharing_enabled":true,"_links":{"self":[{"href":"https:\/\/dfinder.eu\/fr_fr\/wp-json\/wp\/v2\/pages\/523","targetHints":{"allow":["GET"]}}],"collection":[{"href":"https:\/\/dfinder.eu\/fr_fr\/wp-json\/wp\/v2\/pages"}],"about":[{"href":"https:\/\/dfinder.eu\/fr_fr\/wp-json\/wp\/v2\/types\/page"}],"author":[{"embeddable":true,"href":"https:\/\/dfinder.eu\/fr_fr\/wp-json\/wp\/v2\/users\/1"}],"replies":[{"embeddable":true,"href":"https:\/\/dfinder.eu\/fr_fr\/wp-json\/wp\/v2\/comments?post=523"}],"version-history":[{"count":24,"href":"https:\/\/dfinder.eu\/fr_fr\/wp-json\/wp\/v2\/pages\/523\/revisions"}],"predecessor-version":[{"id":1119,"href":"https:\/\/dfinder.eu\/fr_fr\/wp-json\/wp\/v2\/pages\/523\/revisions\/1119"}],"wp:attachment":[{"href":"https:\/\/dfinder.eu\/fr_fr\/wp-json\/wp\/v2\/media?parent=523"}],"curies":[{"name":"wp","href":"https:\/\/api.w.org\/{rel}","templated":true}]}}