{"id":444,"date":"2022-04-01T10:34:37","date_gmt":"2022-04-01T10:34:37","guid":{"rendered":"http:\/\/localhost:10010\/?page_id=444"},"modified":"2025-01-23T09:19:08","modified_gmt":"2025-01-23T09:19:08","slug":"produits","status":"publish","type":"page","link":"https:\/\/dfinder.eu\/fr_fr\/produits\/","title":{"rendered":"Produits"},"content":{"rendered":"<p>[et_pb_section fb_built=&#8221;1&#8243; fullwidth=&#8221;on&#8221; _builder_version=&#8221;4.15.1&#8243; _module_preset=&#8221;default&#8221; background_color=&#8221;rgba(0,0,0,0.2)&#8221; background_image=&#8221;https:\/\/dfinder.eu\/wp-content\/uploads\/2022\/04\/iStock-1184805318-scaled.jpg&#8221; background_blend=&#8221;darken&#8221; custom_margin=&#8221;0px||0px||true|false&#8221; global_colors_info=&#8221;{}&#8221;][et_pb_fullwidth_header background_overlay_color=&#8221;rgba(0,0,0,0.24)&#8221; _builder_version=&#8221;4.15.1&#8243; _module_preset=&#8221;default&#8221; title_text_align=&#8221;center&#8221; title_font_size=&#8221;60px&#8221; content_text_align=&#8221;center&#8221; content_font_size=&#8221;65px&#8221; background_enable_color=&#8221;off&#8221; background_enable_image=&#8221;off&#8221; min_height=&#8221;424.8px&#8221; custom_margin=&#8221;0px||||false|false&#8221; custom_padding=&#8221;200px||145px||false|false&#8221; motion_trigger_start=&#8221;top&#8221; title_font_size_tablet=&#8221;60px&#8221; title_font_size_phone=&#8221;60px&#8221; title_font_size_last_edited=&#8221;on|phone&#8221; content_font_size_tablet=&#8221;65px&#8221; content_font_size_phone=&#8221;33px&#8221; content_font_size_last_edited=&#8221;on|phone&#8221; content_line_height_tablet=&#8221;&#8221; content_line_height_phone=&#8221;1.8em&#8221; content_line_height_last_edited=&#8221;on|phone&#8221; global_colors_info=&#8221;{}&#8221;]<\/p>\n<p style=\"text-align: center;\">PRODUITS DFINDER<\/p>\n<p>[\/et_pb_fullwidth_header][\/et_pb_section][et_pb_section fb_built=&#8221;1&#8243; _builder_version=&#8221;4.16.0&#8243; _module_preset=&#8221;default&#8221; background_color=&#8221;#E0E0E0&#8243; custom_margin=&#8221;-2px|||||&#8221; top_divider_flip=&#8221;vertical&#8221; bottom_divider_style=&#8221;asymmetric&#8221; bottom_divider_color=&#8221;#db6260&#8243; bottom_divider_height=&#8221;59px&#8221; global_colors_info=&#8221;{}&#8221;][et_pb_row _builder_version=&#8221;4.16.0&#8243; _module_preset=&#8221;default&#8221; global_colors_info=&#8221;{}&#8221;][et_pb_column type=&#8221;4_4&#8243; _builder_version=&#8221;4.16.0&#8243; _module_preset=&#8221;default&#8221; global_colors_info=&#8221;{}&#8221;][et_pb_text _builder_version=&#8221;4.15.1&#8243; _module_preset=&#8221;default&#8221; text_text_color=&#8221;#E02B20&#8243; text_font_size=&#8221;46px&#8221; text_line_height=&#8221;1.75em&#8221; global_colors_info=&#8221;{}&#8221;]<\/p>\n<p>Nos produits:<\/p>\n<p>[\/et_pb_text][\/et_pb_column][\/et_pb_row][et_pb_row _builder_version=&#8221;4.16.0&#8243; _module_preset=&#8221;default&#8221; global_colors_info=&#8221;{}&#8221;][et_pb_column type=&#8221;4_4&#8243; _builder_version=&#8221;4.16.0&#8243; _module_preset=&#8221;default&#8221; global_colors_info=&#8221;{}&#8221;][et_pb_text _builder_version=&#8221;4.15.1&#8243; _module_preset=&#8221;default&#8221; text_font_size=&#8221;49px&#8221; custom_padding=&#8221;0px||5px|||&#8221; link_option_url=&#8221;https:\/\/dfinder.eu\/proinstall-3\/&#8221; global_colors_info=&#8221;{}&#8221;]<\/p>\n<p style=\"text-align: left;\">ProInstall :<\/p>\n<p>[\/et_pb_text][\/et_pb_column][\/et_pb_row][et_pb_row column_structure=&#8221;1_2,1_2&#8243; _builder_version=&#8221;4.15.1&#8243; _module_preset=&#8221;default&#8221; width=&#8221;100%&#8221; module_alignment=&#8221;center&#8221; custom_margin=&#8221;|360px||auto||&#8221; global_colors_info=&#8221;{}&#8221;][et_pb_column type=&#8221;1_2&#8243; _builder_version=&#8221;4.16.0&#8243; _module_preset=&#8221;default&#8221; global_colors_info=&#8221;{}&#8221;][et_pb_image src=&#8221;https:\/\/dfinder.eu\/wp-content\/uploads\/2022\/04\/proinstall.png&#8221; title_text=&#8221;proinstall&#8221; url=&#8221;https:\/\/dfinder.eu\/proinstall-3\/&#8221; align=&#8221;center&#8221; align_tablet=&#8221;center&#8221; align_phone=&#8221;center&#8221; align_last_edited=&#8221;on|phone&#8221; _builder_version=&#8221;4.15.1&#8243; _module_preset=&#8221;default&#8221; width=&#8221;54.3%&#8221; module_alignment=&#8221;center&#8221; height=&#8221;220px&#8221; max_height=&#8221;1000px&#8221; custom_margin=&#8221;0px|||66px|false|false&#8221; custom_margin_tablet=&#8221;0px|||66px|false|false&#8221; custom_margin_phone=&#8221;0px|0px||0px|false|true&#8221; custom_margin_last_edited=&#8221;on|phone&#8221; module_alignment_tablet=&#8221;center&#8221; module_alignment_phone=&#8221;center&#8221; module_alignment_last_edited=&#8221;on|phone&#8221; global_colors_info=&#8221;{}&#8221;][\/et_pb_image][\/et_pb_column][et_pb_column type=&#8221;1_2&#8243; _builder_version=&#8221;4.16.0&#8243; _module_preset=&#8221;default&#8221; global_colors_info=&#8221;{}&#8221;][et_pb_text _builder_version=&#8221;4.15.1&#8243; _module_preset=&#8221;default&#8221; text_font_size=&#8221;20px&#8221; width=&#8221;100%&#8221; module_alignment=&#8221;center&#8221; custom_margin=&#8221;|||-140px|false|false&#8221; custom_margin_tablet=&#8221;|||-140px|false|false&#8221; custom_margin_phone=&#8221;|||10px|false|false&#8221; custom_margin_last_edited=&#8221;on|phone&#8221; custom_padding=&#8221;|||0px|false|false&#8221; custom_padding_tablet=&#8221;|||0px|false|false&#8221; custom_padding_phone=&#8221;|20px||20px|false|true&#8221; custom_padding_last_edited=&#8221;on|phone&#8221; text_font_size_last_edited=&#8221;off|phone&#8221; module_alignment_tablet=&#8221;center&#8221; module_alignment_phone=&#8221;center&#8221; module_alignment_last_edited=&#8221;on|phone&#8221; global_colors_info=&#8221;{}&#8221;]<\/p>\n<p>Syst\u00e8mes automatis\u00e9s d'installation de capteurs augmentant la durabilit\u00e9 et la performance des syst\u00e8mes embarqu\u00e9s sur les structures, que ce soit lors de leur fabrication ou en phase d'exploitation.<\/p>\n<p>Les premiers capteurs consid\u00e9r\u00e9s sont :<\/p>\n<p>- Les capteurs \u00e0 fibres optiques, tels que les r\u00e9seaux de Bragg ou les FBG (Fiber Bragg Grating).<\/p>\n<p>- Les capteurs \u00e0 base de SolGel comme le ProSCRIBE.<\/p>\n<p>[\/et_pb_text][\/et_pb_column][\/et_pb_row][\/et_pb_section][et_pb_section fb_built=&#8221;1&#8243; _builder_version=&#8221;4.16.0&#8243; _module_preset=&#8221;default&#8221; background_color=&#8221;#E0E0E0&#8243; top_divider_style=&#8221;slant&#8221; top_divider_color=&#8221;#DB403D&#8221; top_divider_height=&#8221;29px&#8221; global_colors_info=&#8221;{}&#8221;][et_pb_row _builder_version=&#8221;4.16.0&#8243; _module_preset=&#8221;default&#8221; global_colors_info=&#8221;{}&#8221;][et_pb_column type=&#8221;4_4&#8243; _builder_version=&#8221;4.16.0&#8243; _module_preset=&#8221;default&#8221; global_colors_info=&#8221;{}&#8221;][et_pb_text _builder_version=&#8221;4.15.1&#8243; _module_preset=&#8221;default&#8221; text_font_size=&#8221;49px&#8221; custom_padding=&#8221;0px||5px|||&#8221; link_option_url=&#8221;https:\/\/dfinder.eu\/proshm-2\/&#8221; global_colors_info=&#8221;{}&#8221;]<\/p>\n<p style=\"text-align: left;\">ProGHM:<\/p>\n<p>[\/et_pb_text][\/et_pb_column][\/et_pb_row][et_pb_row column_structure=&#8221;3_5,2_5&#8243; module_class=&#8221;inverse&#8221; _builder_version=&#8221;4.15.1&#8243; _module_preset=&#8221;default&#8221; global_colors_info=&#8221;{}&#8221;][et_pb_column type=&#8221;3_5&#8243; _builder_version=&#8221;4.16.0&#8243; _module_preset=&#8221;default&#8221; global_colors_info=&#8221;{}&#8221;][et_pb_text _builder_version=&#8221;4.15.1&#8243; _module_preset=&#8221;default&#8221; text_font_size=&#8221;20px&#8221; width=&#8221;87.3%&#8221; custom_padding=&#8221;||0px|0px||&#8221; global_colors_info=&#8221;{}&#8221;]<\/p>\n<p>Global Health Management:<\/p>\n<p>Il s'agit d'un assemblage de diff\u00e9rents outils contribuant \u00e0 la mise en \u0153uvre de la maintenance pr\u00e9dictive, ou qui peuvent \u00eatre utilis\u00e9s individuellement.<br \/>Ils contribuent \u00e0 optimiser les d\u00e9lais de maintenance et \u00e0 r\u00e9duire les co\u00fbts gr\u00e2ce \u00e0 un ensemble d'outils<\/p>\n<p>Est adapt\u00e9 \u00e0:<br \/>-conception \n- mat\u00e9riaux et contexte op\u00e9rationnel,<br \/>-La fatigue ou les dommages accidentels tels que les fissures, la d\u00e9lamination, la d\u00e9gradation des mat\u00e9riaux et la corrosion sont surveill\u00e9s,<\/p>\n<p>incluant:<br \/>-auto calibration,<br \/>-et l'\u00e9valuation de la fiabilit\u00e9, suivie d'un ajustement si n\u00e9cessaire, appliqu\u00e9es aux capteurs et aux dispositifs de surveillance.<\/p>\n<p>Exemple d'outil : ProSHM-FBG<\/p>\n<p>[\/et_pb_text][\/et_pb_column][et_pb_column type=&#8221;2_5&#8243; _builder_version=&#8221;4.16.0&#8243; _module_preset=&#8221;default&#8221; global_colors_info=&#8221;{}&#8221;][et_pb_image src=&#8221;https:\/\/dfinder.eu\/wp-content\/uploads\/2022\/04\/proshm.png&#8221; title_text=&#8221;proshm&#8221; url=&#8221;https:\/\/dfinder.eu\/proshm-2\/&#8221; _builder_version=&#8221;4.15.1&#8243; _module_preset=&#8221;default&#8221; width=&#8221;105%&#8221; max_width=&#8221;118%&#8221; module_alignment=&#8221;center&#8221; height=&#8221;307px&#8221; global_colors_info=&#8221;{}&#8221;][\/et_pb_image][\/et_pb_column][\/et_pb_row][\/et_pb_section][et_pb_section fb_built=&#8221;1&#8243; _builder_version=&#8221;4.16.0&#8243; _module_preset=&#8221;default&#8221; background_color=&#8221;#E0E0E0&#8243; top_divider_style=&#8221;mountains&#8221; top_divider_color=&#8221;rgba(219,64,61,0.92)&#8221; top_divider_height=&#8221;42px&#8221; hover_enabled=&#8221;0&#8243; global_colors_info=&#8221;{}&#8221; sticky_enabled=&#8221;0&#8243;][et_pb_row _builder_version=&#8221;4.16.0&#8243; _module_preset=&#8221;default&#8221; global_colors_info=&#8221;{}&#8221;][et_pb_column type=&#8221;4_4&#8243; _builder_version=&#8221;4.16.0&#8243; _module_preset=&#8221;default&#8221; global_colors_info=&#8221;{}&#8221;][et_pb_text _builder_version=&#8221;4.15.1&#8243; _module_preset=&#8221;default&#8221; text_font_size=&#8221;53px&#8221; hover_enabled=&#8221;0&#8243; global_colors_info=&#8221;{}&#8221; sticky_enabled=&#8221;0&#8243;]<\/p>\n<p>ProScribe (TRL4):<\/p>\n<p>[\/et_pb_text][\/et_pb_column][\/et_pb_row][et_pb_row column_structure=&#8221;2_5,3_5&#8243; _builder_version=&#8221;4.16.0&#8243; _module_preset=&#8221;default&#8221; global_colors_info=&#8221;{}&#8221;][et_pb_column type=&#8221;2_5&#8243; _builder_version=&#8221;4.16.0&#8243; _module_preset=&#8221;default&#8221; global_colors_info=&#8221;{}&#8221;][et_pb_image src=&#8221;https:\/\/dfinder.eu\/wp-content\/uploads\/2022\/04\/scribe2.png&#8221; title_text=&#8221;scribe2&#8243; _builder_version=&#8221;4.15.1&#8243; _module_preset=&#8221;default&#8221; transform_scale=&#8221;105%|105%&#8221; transform_scale_tablet=&#8221;105%|105%&#8221; transform_scale_phone=&#8221;105%|81%&#8221; transform_scale_last_edited=&#8221;on|phone&#8221; transform_scale_linked=&#8221;off&#8221; transform_translate=&#8221;1px|0px&#8221; transform_translate_tablet=&#8221;1px|0px&#8221; transform_translate_phone=&#8221;1px|0px&#8221; transform_translate_last_edited=&#8221;on|phone&#8221; transform_translate_linked=&#8221;off&#8221; transform_rotate_tablet=&#8221;&#8221; transform_rotate_phone=&#8221;&#8221; transform_rotate_last_edited=&#8221;on|phone&#8221; transform_skew_tablet=&#8221;&#8221; transform_skew_phone=&#8221;&#8221; transform_skew_last_edited=&#8221;on|phone&#8221; transform_origin_tablet=&#8221;&#8221; transform_origin_phone=&#8221;&#8221; transform_origin_last_edited=&#8221;on|phone&#8221; transform_styles_last_edited=&#8221;on|phone&#8221; width=&#8221;100%&#8221; max_width=&#8221;100%&#8221; height=&#8221;231px&#8221; custom_margin=&#8221;|-41px|-4px|||&#8221; custom_padding=&#8221;|0px||||&#8221; transform_styles_tablet=&#8221;&#8221; transform_styles_phone=&#8221;&#8221; global_colors_info=&#8221;{}&#8221;][\/et_pb_image][\/et_pb_column][et_pb_column type=&#8221;3_5&#8243; _builder_version=&#8221;4.16.0&#8243; _module_preset=&#8221;default&#8221; global_colors_info=&#8221;{}&#8221;][et_pb_text _builder_version=&#8221;4.15.1&#8243; _module_preset=&#8221;default&#8221; text_font_size=&#8221;20px&#8221; global_colors_info=&#8221;{}&#8221;]<\/p>\n<p>D\u00e9tecteur permettant par exemple : la d\u00e9tection des impacts corrosion - fissures, permettant d'optimiser le contr\u00f4le qualit\u00e9 et la maintenance des structures.<\/p>\n<p>Les guides d'ondes optiques d\u00e9pos\u00e9s sur les surfaces \u00e0 contr\u00f4ler ou \u00e0 surveiller, seront eux-m\u00eames endommag\u00e9s, leur partie sensible \u00e9tant constitu\u00e9e d'un mat\u00e9riau de type SolGel (m\u00e9lange de gel et d'\u00e9l\u00e9ments solides). Leur niveau de susceptibilit\u00e9 aux dommages est ajust\u00e9 aux besoins du contexte applicatif, tant en termes de r\u00e9solution quant \u00e0 la localisation que de caract\u00e9risation de la cause, par exemple le niveau d'\u00e9nergie d'un impact inacceptable compte tenu de la conception de la structure.<\/p>\n<p>[\/et_pb_text][\/et_pb_column][\/et_pb_row][\/et_pb_section][et_pb_section fb_built=&#8221;1&#8243; _builder_version=&#8221;4.16.0&#8243; _module_preset=&#8221;default&#8221; background_color=&#8221;#dbdbdb&#8221; top_divider_style=&#8221;slant2&#8243; top_divider_color=&#8221;#DB403D&#8221; top_divider_height=&#8221;59px&#8221; top_divider_flip=&#8221;horizontal&#8221; global_colors_info=&#8221;{}&#8221;][et_pb_row _builder_version=&#8221;4.16.0&#8243; _module_preset=&#8221;default&#8221; global_colors_info=&#8221;{}&#8221;][et_pb_column type=&#8221;4_4&#8243; _builder_version=&#8221;4.16.0&#8243; _module_preset=&#8221;default&#8221; global_colors_info=&#8221;{}&#8221;][et_pb_text _builder_version=&#8221;4.15.1&#8243; _module_preset=&#8221;default&#8221; text_font_size=&#8221;50px&#8221; min_height=&#8221;40.8px&#8221; custom_padding=&#8221;||6px|||&#8221; text_font_size_tablet=&#8221;50px&#8221; text_font_size_phone=&#8221;41px&#8221; text_font_size_last_edited=&#8221;on|phone&#8221; global_colors_info=&#8221;{}&#8221;]<\/p>\n<p>ProGoNogo:<\/p>\n<p>[\/et_pb_text][\/et_pb_column][\/et_pb_row][et_pb_row column_structure=&#8221;3_5,2_5&#8243; module_class=&#8221;inverse&#8221; _builder_version=&#8221;4.15.1&#8243; _module_preset=&#8221;default&#8221; global_colors_info=&#8221;{}&#8221;][et_pb_column type=&#8221;3_5&#8243; _builder_version=&#8221;4.16.0&#8243; _module_preset=&#8221;default&#8221; global_colors_info=&#8221;{}&#8221;][et_pb_text _builder_version=&#8221;4.15.1&#8243; _module_preset=&#8221;default&#8221; text_font_size=&#8221;20px&#8221; global_colors_info=&#8221;{}&#8221;]<\/p>\n<p>Syst\u00e8me de d\u00e9tection de d\u00e9fauts ou de dommages bas\u00e9 sur le principe de la Shearographie (syst\u00e8me optique utilisant l'interf\u00e9rom\u00e9trie), ajout\u00e9 \u00e0 un diagnostic automatis\u00e9 du r\u00e9sultat permettant de contr\u00f4ler des structures en mat\u00e9riaux composites, m\u00e9tal, bois, plastique... sur des structures en cours de fabrication ou d\u00e9j\u00e0 assembl\u00e9es.<\/p>\n<p>Syst\u00e8me optique bas\u00e9 sur le principe de l'interf\u00e9rom\u00e9trie dont le niveau de sensibilit\u00e9 et les performances de d\u00e9tection sont adapt\u00e9s au contexte industriel.<\/p>\n<p>Un syst\u00e8me d'interpr\u00e9tation d'images est inclus, permettant un diagnostic automatis\u00e9 et l'int\u00e9gration du syst\u00e8me dans une ligne de fabrication.<\/p>\n<p>Le syst\u00e8me peut \u00eatre mont\u00e9 sur un drone pour contr\u00f4ler les zones difficiles d'acc\u00e8s, ce qui r\u00e9duit les co\u00fbts logistiques.<\/p>\n<p>[\/et_pb_text][\/et_pb_column][et_pb_column type=&#8221;2_5&#8243; _builder_version=&#8221;4.16.0&#8243; _module_preset=&#8221;default&#8221; global_colors_info=&#8221;{}&#8221;][et_pb_image src=&#8221;https:\/\/dfinder.eu\/wp-content\/uploads\/2022\/06\/Expertise-aeronautique3.png&#8221; title_text=&#8221;Expertise a\u00e9ronautique3&#8243; _builder_version=&#8221;4.15.1&#8243; _module_preset=&#8221;default&#8221; global_colors_info=&#8221;{}&#8221;][\/et_pb_image][\/et_pb_column][\/et_pb_row][\/et_pb_section]<\/p>","protected":false},"excerpt":{"rendered":"<p>DFINDER PRODUCTSOur Products :ProInstall :Automated sensor installation systems increasing the durability and performance of embedded systems on structures or when they are installed during the manufacturing or operations. The first sensors considered are : &#8211; Fiber optic sensors, such as Bragg gratings or so-called FBGs (Fiber Bragg Grating). &#8211; SolGel based sensors such as ProSCRIBE.ProGHM:Global [&hellip;]<\/p>","protected":false},"author":1,"featured_media":0,"parent":0,"menu_order":0,"comment_status":"closed","ping_status":"closed","template":"","meta":{"_et_pb_use_builder":"on","_et_pb_old_content":"","_et_gb_content_width":"","footnotes":""},"class_list":["post-444","page","type-page","status-publish","hentry"],"yoast_head":"<!-- This site is optimized with the Yoast SEO plugin v22.3 - https:\/\/yoast.com\/wordpress\/plugins\/seo\/ -->\n<title>Produits | Dfinder<\/title>\n<meta name=\"robots\" content=\"index, follow, max-snippet:-1, max-image-preview:large, max-video-preview:-1\" \/>\n<link rel=\"canonical\" href=\"https:\/\/dfinder.eu\/fr_fr\/produits\/\" \/>\n<meta property=\"og:locale\" content=\"fr_FR\" \/>\n<meta property=\"og:type\" content=\"article\" \/>\n<meta property=\"og:title\" content=\"Produits | Dfinder\" \/>\n<meta property=\"og:description\" content=\"DFINDER PRODUCTSOur Products :ProInstall :Automated sensor installation systems increasing the durability and performance of embedded systems on structures or when they are installed during the manufacturing or operations. The first sensors considered are : - Fiber optic sensors, such as Bragg gratings or so-called FBGs (Fiber Bragg Grating). - SolGel based sensors such as ProSCRIBE.ProGHM:Global [&hellip;]\" \/>\n<meta property=\"og:url\" content=\"https:\/\/dfinder.eu\/fr_fr\/produits\/\" \/>\n<meta property=\"og:site_name\" content=\"Dfinder\" \/>\n<meta property=\"article:modified_time\" content=\"2025-01-23T09:19:08+00:00\" \/>\n<meta name=\"twitter:card\" content=\"summary_large_image\" \/>\n<meta name=\"twitter:label1\" content=\"Dur\u00e9e de lecture estim\u00e9e\" \/>\n\t<meta name=\"twitter:data1\" content=\"8 minutes\" \/>\n<script type=\"application\/ld+json\" class=\"yoast-schema-graph\">{\"@context\":\"https:\/\/schema.org\",\"@graph\":[{\"@type\":\"WebPage\",\"@id\":\"https:\/\/dfinder.eu\/produits\/\",\"url\":\"https:\/\/dfinder.eu\/produits\/\",\"name\":\"Produits | Dfinder\",\"isPartOf\":{\"@id\":\"https:\/\/dfinder.eu\/#website\"},\"datePublished\":\"2022-04-01T10:34:37+00:00\",\"dateModified\":\"2025-01-23T09:19:08+00:00\",\"breadcrumb\":{\"@id\":\"https:\/\/dfinder.eu\/produits\/#breadcrumb\"},\"inLanguage\":\"fr-FR\",\"potentialAction\":[{\"@type\":\"ReadAction\",\"target\":[\"https:\/\/dfinder.eu\/produits\/\"]}]},{\"@type\":\"BreadcrumbList\",\"@id\":\"https:\/\/dfinder.eu\/produits\/#breadcrumb\",\"itemListElement\":[{\"@type\":\"ListItem\",\"position\":1,\"name\":\"Accueil\",\"item\":\"https:\/\/dfinder.eu\/\"},{\"@type\":\"ListItem\",\"position\":2,\"name\":\"Produits\"}]},{\"@type\":\"WebSite\",\"@id\":\"https:\/\/dfinder.eu\/#website\",\"url\":\"https:\/\/dfinder.eu\/\",\"name\":\"Dfinder\",\"description\":\"Le partenaire performance\",\"publisher\":{\"@id\":\"https:\/\/dfinder.eu\/#organization\"},\"potentialAction\":[{\"@type\":\"SearchAction\",\"target\":{\"@type\":\"EntryPoint\",\"urlTemplate\":\"https:\/\/dfinder.eu\/?s={search_term_string}\"},\"query-input\":\"required name=search_term_string\"}],\"inLanguage\":\"fr-FR\"},{\"@type\":\"Organization\",\"@id\":\"https:\/\/dfinder.eu\/#organization\",\"name\":\"DFinder\",\"url\":\"https:\/\/dfinder.eu\/\",\"logo\":{\"@type\":\"ImageObject\",\"inLanguage\":\"fr-FR\",\"@id\":\"https:\/\/dfinder.eu\/#\/schema\/logo\/image\/\",\"url\":\"https:\/\/i0.wp.com\/dfinder.eu\/wp-content\/uploads\/2022\/04\/logoHeader.png?fit=117%2C102&ssl=1\",\"contentUrl\":\"https:\/\/i0.wp.com\/dfinder.eu\/wp-content\/uploads\/2022\/04\/logoHeader.png?fit=117%2C102&ssl=1\",\"width\":117,\"height\":102,\"caption\":\"DFinder\"},\"image\":{\"@id\":\"https:\/\/dfinder.eu\/#\/schema\/logo\/image\/\"}}]}<\/script>\n<!-- \/ Yoast SEO plugin. -->","yoast_head_json":{"title":"Produits | Dfinder","robots":{"index":"index","follow":"follow","max-snippet":"max-snippet:-1","max-image-preview":"max-image-preview:large","max-video-preview":"max-video-preview:-1"},"canonical":"https:\/\/dfinder.eu\/fr_fr\/produits\/","og_locale":"fr_FR","og_type":"article","og_title":"Produits | Dfinder","og_description":"DFINDER PRODUCTSOur Products :ProInstall :Automated sensor installation systems increasing the durability and performance of embedded systems on structures or when they are installed during the manufacturing or operations. The first sensors considered are : - Fiber optic sensors, such as Bragg gratings or so-called FBGs (Fiber Bragg Grating). - SolGel based sensors such as ProSCRIBE.ProGHM:Global [&hellip;]","og_url":"https:\/\/dfinder.eu\/fr_fr\/produits\/","og_site_name":"Dfinder","article_modified_time":"2025-01-23T09:19:08+00:00","twitter_card":"summary_large_image","twitter_misc":{"Dur\u00e9e de lecture estim\u00e9e":"8 minutes"},"schema":{"@context":"https:\/\/schema.org","@graph":[{"@type":"WebPage","@id":"https:\/\/dfinder.eu\/produits\/","url":"https:\/\/dfinder.eu\/produits\/","name":"Produits | Dfinder","isPartOf":{"@id":"https:\/\/dfinder.eu\/#website"},"datePublished":"2022-04-01T10:34:37+00:00","dateModified":"2025-01-23T09:19:08+00:00","breadcrumb":{"@id":"https:\/\/dfinder.eu\/produits\/#breadcrumb"},"inLanguage":"fr-FR","potentialAction":[{"@type":"ReadAction","target":["https:\/\/dfinder.eu\/produits\/"]}]},{"@type":"BreadcrumbList","@id":"https:\/\/dfinder.eu\/produits\/#breadcrumb","itemListElement":[{"@type":"ListItem","position":1,"name":"Accueil","item":"https:\/\/dfinder.eu\/"},{"@type":"ListItem","position":2,"name":"Produits"}]},{"@type":"WebSite","@id":"https:\/\/dfinder.eu\/#website","url":"https:\/\/dfinder.eu\/","name":"Dfinder","description":"Le partenaire performance","publisher":{"@id":"https:\/\/dfinder.eu\/#organization"},"potentialAction":[{"@type":"SearchAction","target":{"@type":"EntryPoint","urlTemplate":"https:\/\/dfinder.eu\/?s={search_term_string}"},"query-input":"required name=search_term_string"}],"inLanguage":"fr-FR"},{"@type":"Organization","@id":"https:\/\/dfinder.eu\/#organization","name":"DFinder","url":"https:\/\/dfinder.eu\/","logo":{"@type":"ImageObject","inLanguage":"fr-FR","@id":"https:\/\/dfinder.eu\/#\/schema\/logo\/image\/","url":"https:\/\/i0.wp.com\/dfinder.eu\/wp-content\/uploads\/2022\/04\/logoHeader.png?fit=117%2C102&ssl=1","contentUrl":"https:\/\/i0.wp.com\/dfinder.eu\/wp-content\/uploads\/2022\/04\/logoHeader.png?fit=117%2C102&ssl=1","width":117,"height":102,"caption":"DFinder"},"image":{"@id":"https:\/\/dfinder.eu\/#\/schema\/logo\/image\/"}}]}},"jetpack_sharing_enabled":true,"_links":{"self":[{"href":"https:\/\/dfinder.eu\/fr_fr\/wp-json\/wp\/v2\/pages\/444","targetHints":{"allow":["GET"]}}],"collection":[{"href":"https:\/\/dfinder.eu\/fr_fr\/wp-json\/wp\/v2\/pages"}],"about":[{"href":"https:\/\/dfinder.eu\/fr_fr\/wp-json\/wp\/v2\/types\/page"}],"author":[{"embeddable":true,"href":"https:\/\/dfinder.eu\/fr_fr\/wp-json\/wp\/v2\/users\/1"}],"replies":[{"embeddable":true,"href":"https:\/\/dfinder.eu\/fr_fr\/wp-json\/wp\/v2\/comments?post=444"}],"version-history":[{"count":24,"href":"https:\/\/dfinder.eu\/fr_fr\/wp-json\/wp\/v2\/pages\/444\/revisions"}],"predecessor-version":[{"id":1209,"href":"https:\/\/dfinder.eu\/fr_fr\/wp-json\/wp\/v2\/pages\/444\/revisions\/1209"}],"wp:attachment":[{"href":"https:\/\/dfinder.eu\/fr_fr\/wp-json\/wp\/v2\/media?parent=444"}],"curies":[{"name":"wp","href":"https:\/\/api.w.org\/{rel}","templated":true}]}}