{"id":411,"date":"2022-04-01T09:55:26","date_gmt":"2022-04-01T09:55:26","guid":{"rendered":"http:\/\/localhost:10010\/?page_id=411"},"modified":"2024-04-17T14:56:02","modified_gmt":"2024-04-17T14:56:02","slug":"services","status":"publish","type":"page","link":"https:\/\/dfinder.eu\/fr_fr\/services\/","title":{"rendered":"Services"},"content":{"rendered":"<p>[et_pb_section fb_built=&#8221;1&#8243; fullwidth=&#8221;on&#8221; _builder_version=&#8221;4.15.1&#8243; _module_preset=&#8221;default&#8221; background_image=&#8221;https:\/\/dfinder.eu\/wp-content\/uploads\/2022\/04\/pexels-andrea-piacquadio-845451-scaled.jpg&#8221; min_height=&#8221;509px&#8221; custom_margin=&#8221;-4px||||false|false&#8221; custom_padding=&#8221;0px||||false|false&#8221; global_colors_info=&#8221;{}&#8221;][et_pb_fullwidth_header title=&#8221;Services&#8221; _builder_version=&#8221;4.16.0&#8243; _module_preset=&#8221;default&#8221; title_text_align=&#8221;center&#8221; title_text_color=&#8221;#FCFCFC&#8221; title_font_size=&#8221;60px&#8221; content_font_size=&#8221;25px&#8221; background_color=&#8221;rgba(0,0,0,0.27)&#8221; background_enable_image=&#8221;off&#8221; background_blend=&#8221;hue&#8221; min_height=&#8221;521px&#8221; custom_margin=&#8221;5px||0px||false|false&#8221; custom_padding=&#8221;196px||0px|||&#8221; child_mix_blend_mode=&#8221;color-burn&#8221; border_color_all_image=&#8221;#DB403D&#8221; global_colors_info=&#8221;{}&#8221;][\/et_pb_fullwidth_header][\/et_pb_section][et_pb_section fb_built=&#8221;1&#8243; _builder_version=&#8221;4.15.1&#8243; _module_preset=&#8221;default&#8221; background_color=&#8221;#E0E0E0&#8243; top_divider_color=&#8221;#ededed&#8221; top_divider_height=&#8221;32px&#8221; top_divider_flip=&#8221;horizontal&#8221; hover_enabled=&#8221;0&#8243; global_colors_info=&#8221;{}&#8221; sticky_enabled=&#8221;0&#8243;][et_pb_row _builder_version=&#8221;4.16.0&#8243; _module_preset=&#8221;default&#8221; global_colors_info=&#8221;{}&#8221;][et_pb_column type=&#8221;4_4&#8243; _builder_version=&#8221;4.16.0&#8243; _module_preset=&#8221;default&#8221; global_colors_info=&#8221;{}&#8221;][et_pb_text _builder_version=&#8221;4.15.1&#8243; _module_preset=&#8221;default&#8221; text_font_size=&#8221;47px&#8221; custom_margin=&#8221;0px||||false|false&#8221; custom_padding=&#8221;0px||73px||false|false&#8221; hover_enabled=&#8221;0&#8243; text_line_height_tablet=&#8221;&#8221; text_line_height_phone=&#8221;53px&#8221; text_line_height_last_edited=&#8221;on|phone&#8221; global_colors_info=&#8221;{}&#8221; sticky_enabled=&#8221;0&#8243;]<\/p>\n<p>Inspection shearographique :<\/p>\n<p>[\/et_pb_text][\/et_pb_column][\/et_pb_row][et_pb_row column_structure=&#8221;2_5,3_5&#8243; _builder_version=&#8221;4.16.0&#8243; _module_preset=&#8221;default&#8221; global_colors_info=&#8221;{}&#8221;][et_pb_column type=&#8221;2_5&#8243; _builder_version=&#8221;4.16.0&#8243; _module_preset=&#8221;default&#8221; global_colors_info=&#8221;{}&#8221;][et_pb_image src=&#8221;https:\/\/dfinder.eu\/wp-content\/uploads\/2024\/04\/Shearo.png&#8221; title_text=&#8221;Shearo&#8221; disabled_on=&#8221;off|off|off&#8221; _builder_version=&#8221;4.15.1&#8243; _module_preset=&#8221;default&#8221; hover_enabled=&#8221;0&#8243; global_colors_info=&#8221;{}&#8221; alt=&#8221;Shearographic image&#8221; sticky_enabled=&#8221;0&#8243;][\/et_pb_image][\/et_pb_column][et_pb_column type=&#8221;3_5&#8243; _builder_version=&#8221;4.16.0&#8243; _module_preset=&#8221;default&#8221; global_colors_info=&#8221;{}&#8221;][et_pb_text _builder_version=&#8221;4.15.1&#8243; _module_preset=&#8221;default&#8221; text_font_size=&#8221;26px&#8221; hover_enabled=&#8221;0&#8243; global_colors_info=&#8221;{}&#8221; sticky_enabled=&#8221;0&#8243;]<\/p>\n<p>DFinder est internationalement reconnu comme expert en Shearographie, appliqu\u00e9e aux conditions de fabrication et de fonctionnement, \u00e0 tous les types de mat\u00e9riaux et \u00e0 la complexit\u00e9 des structures.<\/p>\n<p>Des dispositifs sp\u00e9cifiques sont adapt\u00e9s \u00e0 des accessibilit\u00e9s complexes.<\/p>\n<p>[\/et_pb_text][\/et_pb_column][\/et_pb_row][\/et_pb_section][et_pb_section fb_built=&#8221;1&#8243; _builder_version=&#8221;4.16.0&#8243; _module_preset=&#8221;default&#8221; background_color=&#8221;RGBA(255,255,255,0)&#8221; custom_margin=&#8221;1px|||||&#8221; top_divider_style=&#8221;slant&#8221; top_divider_color=&#8221;rgba(224,224,224,0.36)&#8221; top_divider_height=&#8221;27px&#8221; global_colors_info=&#8221;{}&#8221;][et_pb_row _builder_version=&#8221;4.16.0&#8243; _module_preset=&#8221;default&#8221; global_colors_info=&#8221;{}&#8221;][et_pb_column type=&#8221;4_4&#8243; _builder_version=&#8221;4.16.0&#8243; _module_preset=&#8221;default&#8221; global_colors_info=&#8221;{}&#8221;][et_pb_text _builder_version=&#8221;4.15.1&#8243; _module_preset=&#8221;default&#8221; text_font_size=&#8221;57px&#8221; global_colors_info=&#8221;{}&#8221;]<\/p>\n<p>ProGHPM:<\/p>\n<p>[\/et_pb_text][\/et_pb_column][\/et_pb_row][et_pb_row column_structure=&#8221;3_5,2_5&#8243; _builder_version=&#8221;4.16.0&#8243; _module_preset=&#8221;default&#8221; global_colors_info=&#8221;{}&#8221;][et_pb_column type=&#8221;3_5&#8243; _builder_version=&#8221;4.16.0&#8243; _module_preset=&#8221;default&#8221; global_colors_info=&#8221;{}&#8221;][et_pb_text _builder_version=&#8221;4.15.1&#8243; _module_preset=&#8221;default&#8221; text_font_size=&#8221;26px&#8221; global_colors_info=&#8221;{}&#8221;]<\/p>\n<p class=\"translation-block\">Solution permettant l'optimisation de la maintenance des structures et la fiabilit\u00e9 des mesures en temps r\u00e9el fournies par l'ensemble des capteurs et moyens de surveillance install\u00e9s sur les structures.<\/p>\n<p>[\/et_pb_text][\/et_pb_column][et_pb_column type=&#8221;2_5&#8243; _builder_version=&#8221;4.16.0&#8243; _module_preset=&#8221;default&#8221; global_colors_info=&#8221;{}&#8221;][et_pb_image src=&#8221;https:\/\/dfinder.eu\/wp-content\/uploads\/2022\/04\/proshm.png&#8221; title_text=&#8221;proshm&#8221; _builder_version=&#8221;4.15.1&#8243; _module_preset=&#8221;default&#8221; transform_translate=&#8221;-1px|0px&#8221; transform_translate_linked=&#8221;off&#8221; global_colors_info=&#8221;{}&#8221;][\/et_pb_image][\/et_pb_column][\/et_pb_row][\/et_pb_section][et_pb_section fb_built=&#8221;1&#8243; _builder_version=&#8221;4.16.0&#8243; _module_preset=&#8221;default&#8221; background_color=&#8221;#E0E0E0&#8243; top_divider_style=&#8221;slant&#8221; top_divider_color=&#8221;#ededed&#8221; top_divider_height=&#8221;32px&#8221; top_divider_flip=&#8221;horizontal&#8221; global_colors_info=&#8221;{}&#8221;][et_pb_row _builder_version=&#8221;4.16.0&#8243; _module_preset=&#8221;default&#8221; global_colors_info=&#8221;{}&#8221;][et_pb_column type=&#8221;4_4&#8243; _builder_version=&#8221;4.16.0&#8243; _module_preset=&#8221;default&#8221; global_colors_info=&#8221;{}&#8221;][et_pb_text _builder_version=&#8221;4.15.1&#8243; _module_preset=&#8221;default&#8221; text_font_size=&#8221;47px&#8221; custom_margin=&#8221;0px||||false|false&#8221; custom_padding=&#8221;0px||73px||false|false&#8221; text_line_height_tablet=&#8221;&#8221; text_line_height_phone=&#8221;53px&#8221; text_line_height_last_edited=&#8221;on|phone&#8221; global_colors_info=&#8221;{}&#8221;]<\/p>\n<p>Labelisation fiabilit\u00e9:<\/p>\n<p>[\/et_pb_text][\/et_pb_column][\/et_pb_row][et_pb_row column_structure=&#8221;2_5,3_5&#8243; _builder_version=&#8221;4.16.0&#8243; _module_preset=&#8221;default&#8221; global_colors_info=&#8221;{}&#8221;][et_pb_column type=&#8221;2_5&#8243; _builder_version=&#8221;4.16.0&#8243; _module_preset=&#8221;default&#8221; global_colors_info=&#8221;{}&#8221;][et_pb_image src=&#8221;https:\/\/dfinder.eu\/wp-content\/uploads\/2022\/04\/label-fiabilite3.png&#8221; title_text=&#8221;label-fiabilite3&#8243; disabled_on=&#8221;off|off|off&#8221; _builder_version=&#8221;4.15.1&#8243; _module_preset=&#8221;default&#8221; global_colors_info=&#8221;{}&#8221;][\/et_pb_image][\/et_pb_column][et_pb_column type=&#8221;3_5&#8243; _builder_version=&#8221;4.16.0&#8243; _module_preset=&#8221;default&#8221; global_colors_info=&#8221;{}&#8221;][et_pb_text _builder_version=&#8221;4.15.1&#8243; _module_preset=&#8221;default&#8221; text_font_size=&#8221;26px&#8221; global_colors_info=&#8221;{}&#8221;]<\/p>\n<p>Diagnostic de fiabilit\u00e9 des syst\u00e8mes \u00e9lectroniques et opto\u00e9lectroniques pouvant servir de support au prototypage et \u00e0 l'optimisation de la conception \u00e9lectronique (analyse de la fiabilit\u00e9 des choix de conception des modules \u00e9lectroniques, avec un label de fiabilit\u00e9).<\/p>\n<p>[\/et_pb_text][\/et_pb_column][\/et_pb_row][\/et_pb_section][et_pb_section fb_built=&#8221;1&#8243; prev_background_color=&#8221;#E0E0E0&#8243; _builder_version=&#8221;4.16.0&#8243; _module_preset=&#8221;default&#8221; custom_margin=&#8221;-3px|||||&#8221; top_divider_style=&#8221;arrow3&#8243; top_divider_height=&#8221;49px&#8221; global_colors_info=&#8221;{}&#8221;][et_pb_row _builder_version=&#8221;4.16.0&#8243; _module_preset=&#8221;default&#8221; global_colors_info=&#8221;{}&#8221;][et_pb_column type=&#8221;4_4&#8243; _builder_version=&#8221;4.16.0&#8243; _module_preset=&#8221;default&#8221; global_colors_info=&#8221;{}&#8221;][et_pb_text _builder_version=&#8221;4.15.1&#8243; _module_preset=&#8221;default&#8221; text_font_size=&#8221;57px&#8221; global_colors_info=&#8221;{}&#8221;]<\/p>\n<p>DevOps:<\/p>\n<p>[\/et_pb_text][\/et_pb_column][\/et_pb_row][et_pb_row column_structure=&#8221;3_5,2_5&#8243; _builder_version=&#8221;4.16.0&#8243; _module_preset=&#8221;default&#8221; global_colors_info=&#8221;{}&#8221;][et_pb_column type=&#8221;3_5&#8243; _builder_version=&#8221;4.16.0&#8243; _module_preset=&#8221;default&#8221; global_colors_info=&#8221;{}&#8221;][et_pb_text _builder_version=&#8221;4.15.1&#8243; _module_preset=&#8221;default&#8221; text_font_size=&#8221;26px&#8221; global_colors_info=&#8221;{}&#8221;]<\/p>\n<p>DFinder porte un int\u00e9r\u00eat particulier \u00e0 la fiabilit\u00e9 de ses solutions, que ce soit au niveau mat\u00e9riel comme logiciel. A ce titre nous d\u00e9veloppons nos solutions dans la m\u00e9thode DevOps.<br \/>DevOps consists in setting up a continuous interaction between the development and the use of the software.<\/p>\n<p>[\/et_pb_text][\/et_pb_column][et_pb_column type=&#8221;2_5&#8243; _builder_version=&#8221;4.16.0&#8243; _module_preset=&#8221;default&#8221; global_colors_info=&#8221;{}&#8221;][et_pb_image src=&#8221;https:\/\/dfinder.eu\/wp-content\/uploads\/2022\/04\/devops.png&#8221; title_text=&#8221;devops&#8221; _builder_version=&#8221;4.15.1&#8243; _module_preset=&#8221;default&#8221; global_colors_info=&#8221;{}&#8221;][\/et_pb_image][\/et_pb_column][\/et_pb_row][\/et_pb_section][et_pb_section fb_built=&#8221;1&#8243; _builder_version=&#8221;4.15.1&#8243; _module_preset=&#8221;default&#8221; background_color=&#8221;#E0E0E0&#8243; min_height=&#8221;100px&#8221; min_height_tablet=&#8221;&#8221; min_height_phone=&#8221;&#8221; min_height_last_edited=&#8221;on|phone&#8221; height=&#8221;610px&#8221; custom_margin=&#8221;-1px||||false|false&#8221; custom_padding=&#8221;0px||8px|||&#8221; hover_enabled=&#8221;0&#8243; global_colors_info=&#8221;{}&#8221; top_divider_style=&#8221;mountains2&#8243; top_divider_height=&#8221;46px&#8221; sticky_enabled=&#8221;0&#8243; prev_background_color=&#8221;#ffffff&#8221;][et_pb_row _builder_version=&#8221;4.15.1&#8243; _module_preset=&#8221;default&#8221; hover_enabled=&#8221;0&#8243; global_colors_info=&#8221;{}&#8221; custom_margin=&#8221;0px||||false|false&#8221; custom_padding=&#8221;70px||||false|false&#8221; sticky_enabled=&#8221;0&#8243;][et_pb_column type=&#8221;4_4&#8243; _builder_version=&#8221;4.16.0&#8243; _module_preset=&#8221;default&#8221; global_colors_info=&#8221;{}&#8221;][et_pb_text _builder_version=&#8221;4.15.1&#8243; _module_preset=&#8221;default&#8221; text_font_size=&#8221;57px&#8221; min_height=&#8221;45.8px&#8221; global_colors_info=&#8221;{}&#8221;]<\/p>\n<p>Audit:<\/p>\n<p>[\/et_pb_text][\/et_pb_column][\/et_pb_row][et_pb_row column_structure=&#8221;2_5,3_5&#8243; _builder_version=&#8221;4.15.1&#8243; _module_preset=&#8221;default&#8221; max_height=&#8221;295px&#8221; custom_margin=&#8221;|auto|105px|auto||&#8221; global_colors_info=&#8221;{}&#8221;][et_pb_column type=&#8221;2_5&#8243; _builder_version=&#8221;4.16.0&#8243; _module_preset=&#8221;default&#8221; global_colors_info=&#8221;{}&#8221;][et_pb_image src=&#8221;https:\/\/dfinder.eu\/wp-content\/uploads\/2022\/04\/Audit-2.png&#8221; title_text=&#8221;Audit&#8221; _builder_version=&#8221;4.15.1&#8243; _module_preset=&#8221;default&#8221; transform_translate_linked=&#8221;off&#8221; global_colors_info=&#8221;{}&#8221;][\/et_pb_image][\/et_pb_column][et_pb_column type=&#8221;3_5&#8243; _builder_version=&#8221;4.16.0&#8243; _module_preset=&#8221;default&#8221; global_colors_info=&#8221;{}&#8221;][et_pb_text _builder_version=&#8221;4.15.1&#8243; _module_preset=&#8221;default&#8221; text_font_size=&#8221;26px&#8221; global_colors_info=&#8221;{}&#8221;]<\/p>\n<p>Soutien aux audits de conception et de fabrication des mat\u00e9riaux et des processus, des syst\u00e8mes \u00e9lectroniques et opto\u00e9lectroniques.<\/p>\n<p>[\/et_pb_text][\/et_pb_column][\/et_pb_row][\/et_pb_section][et_pb_section fb_built=&#8221;1&#8243; module_class=&#8221;main-footer&#8221; _builder_version=&#8221;4.15.1&#8243; _module_preset=&#8221;default&#8221; background_color=&#8221;#303030&#8243; min_height_tablet=&#8221;&#8221; min_height_phone=&#8221;469px&#8221; min_height_last_edited=&#8221;on|phone&#8221; max_height=&#8221;1000px&#8221; global_colors_info=&#8221;{}&#8221;][et_pb_row column_structure=&#8221;1_3,1_3,1_3&#8243; _builder_version=&#8221;4.15.1&#8243; _module_preset=&#8221;default&#8221; min_height=&#8221;157.3px&#8221; global_colors_info=&#8221;{}&#8221;][et_pb_column type=&#8221;1_3&#8243; _builder_version=&#8221;4.15.1&#8243; _module_preset=&#8221;default&#8221; global_colors_info=&#8221;{}&#8221;][et_pb_text _builder_version=&#8221;4.15.1&#8243; _module_preset=&#8221;default&#8221; text_text_color=&#8221;#d8d8d8&#8243; text_font_size=&#8221;34px&#8221; global_colors_info=&#8221;{}&#8221;]<\/p>\n<p>DFinder<\/p>\n<p>[\/et_pb_text][et_pb_text _builder_version=&#8221;4.15.1&#8243; _module_preset=&#8221;default&#8221; link_option_url=&#8221;\/index.php\/mentions-legales&#8221; global_colors_info=&#8221;{}&#8221;]<\/p>\n<p>Mentions L\u00e9gales<\/p>\n<p>[\/et_pb_text][\/et_pb_column][et_pb_column type=&#8221;1_3&#8243; _builder_version=&#8221;4.15.1&#8243; _module_preset=&#8221;default&#8221; global_colors_info=&#8221;{}&#8221;][et_pb_text _builder_version=&#8221;4.15.1&#8243; _module_preset=&#8221;default&#8221; text_font_size=&#8221;23px&#8221; global_colors_info=&#8221;{}&#8221;]<\/p>\n<p>Besoin d'aide ?<\/p>\n<p>[\/et_pb_text][et_pb_text _builder_version=&#8221;4.15.1&#8243; _module_preset=&#8221;default&#8221; link_option_url=&#8221;\/index.php\/about-us&#8221; global_colors_info=&#8221;{}&#8221;]<\/p>\n<p>A propos de nous<\/p>\n<p>[\/et_pb_text][et_pb_text _builder_version=&#8221;4.15.1&#8243; _module_preset=&#8221;default&#8221; link_option_url=&#8221;\/index.php\/contact&#8221; global_colors_info=&#8221;{}&#8221;]<\/p>\n<p>Contact<\/p>\n<p>[\/et_pb_text][\/et_pb_column][et_pb_column type=&#8221;1_3&#8243; _builder_version=&#8221;4.15.1&#8243; _module_preset=&#8221;default&#8221; global_colors_info=&#8221;{}&#8221;][et_pb_text _builder_version=&#8221;4.15.1&#8243; _module_preset=&#8221;default&#8221; text_font_size=&#8221;23px&#8221; global_colors_info=&#8221;{}&#8221;]<\/p>\n<p>Nous suivre:<\/p>\n<p>[\/et_pb_text][et_pb_icon font_icon=&#8221;&#xf08c;||fa||400&#8243; icon_color=&#8221;#eaeaea&#8221; icon_width=&#8221;50px&#8221; url=&#8221;https:\/\/www.linkedin.com\/company\/82398240\/admin\/&#8221; align=&#8221;left&#8221; _builder_version=&#8221;4.15.1&#8243; _module_preset=&#8221;default&#8221; global_colors_info=&#8221;{}&#8221;][\/et_pb_icon][\/et_pb_column][\/et_pb_row][\/et_pb_section]<\/p>","protected":false},"excerpt":{"rendered":"<p>Shearographic inspection:DFinder is internationally recognised as expert on Shearography, applied on manufacturing and operation conditions, all type of materials and structure&#8217;s complexity. Specific devices are adapted to complex accesibilties.ProGHPM:Help to optimize the maintenance of structures and reliability of measurementsIn real time provided by all sensors and monitoring meansinstalled on mechanical infrastructures.Reliability label:Reliability diagnosis of electronic [&hellip;]<\/p>","protected":false},"author":1,"featured_media":0,"parent":0,"menu_order":0,"comment_status":"closed","ping_status":"closed","template":"","meta":{"_et_pb_use_builder":"on","_et_pb_old_content":"","_et_gb_content_width":"","footnotes":""},"class_list":["post-411","page","type-page","status-publish","hentry"],"yoast_head":"<!-- This site is optimized with the Yoast SEO plugin v22.3 - https:\/\/yoast.com\/wordpress\/plugins\/seo\/ -->\n<title>Services | Dfinder<\/title>\n<meta name=\"robots\" content=\"index, follow, max-snippet:-1, max-image-preview:large, max-video-preview:-1\" \/>\n<link rel=\"canonical\" href=\"https:\/\/dfinder.eu\/fr_fr\/services\/\" \/>\n<meta property=\"og:locale\" content=\"fr_FR\" \/>\n<meta property=\"og:type\" content=\"article\" \/>\n<meta property=\"og:title\" content=\"Services | Dfinder\" \/>\n<meta property=\"og:description\" content=\"Shearographic inspection:DFinder is internationally recognised as expert on Shearography, applied on manufacturing and operation conditions, all type of materials and structure&#039;s complexity. Specific devices are adapted to complex accesibilties.ProGHPM:Help to optimize the maintenance of structures and reliability of measurementsIn real time provided by all sensors and monitoring meansinstalled on mechanical infrastructures.Reliability label:Reliability diagnosis of electronic [&hellip;]\" \/>\n<meta property=\"og:url\" content=\"https:\/\/dfinder.eu\/fr_fr\/services\/\" \/>\n<meta property=\"og:site_name\" content=\"Dfinder\" \/>\n<meta property=\"article:modified_time\" content=\"2024-04-17T14:56:02+00:00\" \/>\n<meta name=\"twitter:card\" content=\"summary_large_image\" \/>\n<meta name=\"twitter:label1\" content=\"Dur\u00e9e de lecture estim\u00e9e\" \/>\n\t<meta name=\"twitter:data1\" content=\"8 minutes\" \/>\n<script type=\"application\/ld+json\" class=\"yoast-schema-graph\">{\"@context\":\"https:\/\/schema.org\",\"@graph\":[{\"@type\":\"WebPage\",\"@id\":\"https:\/\/dfinder.eu\/services\/\",\"url\":\"https:\/\/dfinder.eu\/services\/\",\"name\":\"Services | Dfinder\",\"isPartOf\":{\"@id\":\"https:\/\/dfinder.eu\/#website\"},\"datePublished\":\"2022-04-01T09:55:26+00:00\",\"dateModified\":\"2024-04-17T14:56:02+00:00\",\"breadcrumb\":{\"@id\":\"https:\/\/dfinder.eu\/services\/#breadcrumb\"},\"inLanguage\":\"fr-FR\",\"potentialAction\":[{\"@type\":\"ReadAction\",\"target\":[\"https:\/\/dfinder.eu\/services\/\"]}]},{\"@type\":\"BreadcrumbList\",\"@id\":\"https:\/\/dfinder.eu\/services\/#breadcrumb\",\"itemListElement\":[{\"@type\":\"ListItem\",\"position\":1,\"name\":\"Accueil\",\"item\":\"https:\/\/dfinder.eu\/\"},{\"@type\":\"ListItem\",\"position\":2,\"name\":\"Services\"}]},{\"@type\":\"WebSite\",\"@id\":\"https:\/\/dfinder.eu\/#website\",\"url\":\"https:\/\/dfinder.eu\/\",\"name\":\"Dfinder\",\"description\":\"Le partenaire performance\",\"publisher\":{\"@id\":\"https:\/\/dfinder.eu\/#organization\"},\"potentialAction\":[{\"@type\":\"SearchAction\",\"target\":{\"@type\":\"EntryPoint\",\"urlTemplate\":\"https:\/\/dfinder.eu\/?s={search_term_string}\"},\"query-input\":\"required name=search_term_string\"}],\"inLanguage\":\"fr-FR\"},{\"@type\":\"Organization\",\"@id\":\"https:\/\/dfinder.eu\/#organization\",\"name\":\"DFinder\",\"url\":\"https:\/\/dfinder.eu\/\",\"logo\":{\"@type\":\"ImageObject\",\"inLanguage\":\"fr-FR\",\"@id\":\"https:\/\/dfinder.eu\/#\/schema\/logo\/image\/\",\"url\":\"https:\/\/i0.wp.com\/dfinder.eu\/wp-content\/uploads\/2022\/04\/logoHeader.png?fit=117%2C102&ssl=1\",\"contentUrl\":\"https:\/\/i0.wp.com\/dfinder.eu\/wp-content\/uploads\/2022\/04\/logoHeader.png?fit=117%2C102&ssl=1\",\"width\":117,\"height\":102,\"caption\":\"DFinder\"},\"image\":{\"@id\":\"https:\/\/dfinder.eu\/#\/schema\/logo\/image\/\"}}]}<\/script>\n<!-- \/ Yoast SEO plugin. -->","yoast_head_json":{"title":"Services | Dfinder","robots":{"index":"index","follow":"follow","max-snippet":"max-snippet:-1","max-image-preview":"max-image-preview:large","max-video-preview":"max-video-preview:-1"},"canonical":"https:\/\/dfinder.eu\/fr_fr\/services\/","og_locale":"fr_FR","og_type":"article","og_title":"Services | Dfinder","og_description":"Shearographic inspection:DFinder is internationally recognised as expert on Shearography, applied on manufacturing and operation conditions, all type of materials and structure's complexity. Specific devices are adapted to complex accesibilties.ProGHPM:Help to optimize the maintenance of structures and reliability of measurementsIn real time provided by all sensors and monitoring meansinstalled on mechanical infrastructures.Reliability label:Reliability diagnosis of electronic [&hellip;]","og_url":"https:\/\/dfinder.eu\/fr_fr\/services\/","og_site_name":"Dfinder","article_modified_time":"2024-04-17T14:56:02+00:00","twitter_card":"summary_large_image","twitter_misc":{"Dur\u00e9e de lecture estim\u00e9e":"8 minutes"},"schema":{"@context":"https:\/\/schema.org","@graph":[{"@type":"WebPage","@id":"https:\/\/dfinder.eu\/services\/","url":"https:\/\/dfinder.eu\/services\/","name":"Services | Dfinder","isPartOf":{"@id":"https:\/\/dfinder.eu\/#website"},"datePublished":"2022-04-01T09:55:26+00:00","dateModified":"2024-04-17T14:56:02+00:00","breadcrumb":{"@id":"https:\/\/dfinder.eu\/services\/#breadcrumb"},"inLanguage":"fr-FR","potentialAction":[{"@type":"ReadAction","target":["https:\/\/dfinder.eu\/services\/"]}]},{"@type":"BreadcrumbList","@id":"https:\/\/dfinder.eu\/services\/#breadcrumb","itemListElement":[{"@type":"ListItem","position":1,"name":"Accueil","item":"https:\/\/dfinder.eu\/"},{"@type":"ListItem","position":2,"name":"Services"}]},{"@type":"WebSite","@id":"https:\/\/dfinder.eu\/#website","url":"https:\/\/dfinder.eu\/","name":"Dfinder","description":"Le partenaire performance","publisher":{"@id":"https:\/\/dfinder.eu\/#organization"},"potentialAction":[{"@type":"SearchAction","target":{"@type":"EntryPoint","urlTemplate":"https:\/\/dfinder.eu\/?s={search_term_string}"},"query-input":"required name=search_term_string"}],"inLanguage":"fr-FR"},{"@type":"Organization","@id":"https:\/\/dfinder.eu\/#organization","name":"DFinder","url":"https:\/\/dfinder.eu\/","logo":{"@type":"ImageObject","inLanguage":"fr-FR","@id":"https:\/\/dfinder.eu\/#\/schema\/logo\/image\/","url":"https:\/\/i0.wp.com\/dfinder.eu\/wp-content\/uploads\/2022\/04\/logoHeader.png?fit=117%2C102&ssl=1","contentUrl":"https:\/\/i0.wp.com\/dfinder.eu\/wp-content\/uploads\/2022\/04\/logoHeader.png?fit=117%2C102&ssl=1","width":117,"height":102,"caption":"DFinder"},"image":{"@id":"https:\/\/dfinder.eu\/#\/schema\/logo\/image\/"}}]}},"jetpack_sharing_enabled":true,"_links":{"self":[{"href":"https:\/\/dfinder.eu\/fr_fr\/wp-json\/wp\/v2\/pages\/411","targetHints":{"allow":["GET"]}}],"collection":[{"href":"https:\/\/dfinder.eu\/fr_fr\/wp-json\/wp\/v2\/pages"}],"about":[{"href":"https:\/\/dfinder.eu\/fr_fr\/wp-json\/wp\/v2\/types\/page"}],"author":[{"embeddable":true,"href":"https:\/\/dfinder.eu\/fr_fr\/wp-json\/wp\/v2\/users\/1"}],"replies":[{"embeddable":true,"href":"https:\/\/dfinder.eu\/fr_fr\/wp-json\/wp\/v2\/comments?post=411"}],"version-history":[{"count":16,"href":"https:\/\/dfinder.eu\/fr_fr\/wp-json\/wp\/v2\/pages\/411\/revisions"}],"predecessor-version":[{"id":1132,"href":"https:\/\/dfinder.eu\/fr_fr\/wp-json\/wp\/v2\/pages\/411\/revisions\/1132"}],"wp:attachment":[{"href":"https:\/\/dfinder.eu\/fr_fr\/wp-json\/wp\/v2\/media?parent=411"}],"curies":[{"name":"wp","href":"https:\/\/api.w.org\/{rel}","templated":true}]}}