{"id":1171,"date":"2024-08-30T12:12:04","date_gmt":"2024-08-30T12:12:04","guid":{"rendered":"https:\/\/dfinder.eu\/?page_id=1171"},"modified":"2024-08-30T12:12:18","modified_gmt":"2024-08-30T12:12:18","slug":"proshm-humidity","status":"publish","type":"page","link":"https:\/\/dfinder.eu\/fr_fr\/proshm-humidity\/","title":{"rendered":"ProSHM-HUMIDITY"},"content":{"rendered":"[et_pb_section fb_built=&#8221;1&#8243; fullwidth=&#8221;on&#8221; _builder_version=&#8221;4.15.1&#8243; _module_preset=&#8221;default&#8221; background_color=&#8221;rgba(0,0,0,0.2)&#8221; background_image=&#8221;https:\/\/dfinder.eu\/wp-content\/uploads\/2022\/04\/iStock-1184805318-scaled.jpg&#8221; background_blend=&#8221;darken&#8221; custom_margin=&#8221;0px||0px||true|false&#8221; global_colors_info=&#8221;{}&#8221; theme_builder_area=&#8221;post_content&#8221;][et_pb_fullwidth_header background_overlay_color=&#8221;rgba(0,0,0,0.24)&#8221; _builder_version=&#8221;4.15.1&#8243; _module_preset=&#8221;default&#8221; title_text_align=&#8221;center&#8221; title_font_size=&#8221;60px&#8221; content_text_align=&#8221;center&#8221; content_font_size=&#8221;65px&#8221; background_enable_color=&#8221;off&#8221; background_enable_image=&#8221;off&#8221; min_height=&#8221;505.8px&#8221; custom_margin=&#8221;0px||||false|false&#8221; custom_padding=&#8221;200px||145px||false|false&#8221; motion_trigger_start=&#8221;top&#8221; title_font_size_tablet=&#8221;60px&#8221; title_font_size_phone=&#8221;60px&#8221; title_font_size_last_edited=&#8221;on|phone&#8221; content_font_size_tablet=&#8221;65px&#8221; content_font_size_phone=&#8221;33px&#8221; content_font_size_last_edited=&#8221;on|phone&#8221; global_colors_info=&#8221;{}&#8221; theme_builder_area=&#8221;post_content&#8221;]<p style=\"text-align: center;\">Produits DFinder<\/p>[\/et_pb_fullwidth_header][\/et_pb_section][et_pb_section fb_built=&#8221;1&#8243; _builder_version=&#8221;4.15.1&#8243; _module_preset=&#8221;default&#8221; background_color=&#8221;#E0E0E0&#8243; top_divider_color=&#8221;#DB403D&#8221; top_divider_height=&#8221;29px&#8221; global_colors_info=&#8221;{}&#8221; theme_builder_area=&#8221;post_content&#8221;][et_pb_row _builder_version=&#8221;4.16.0&#8243; _module_preset=&#8221;default&#8221; global_colors_info=&#8221;{}&#8221; theme_builder_area=&#8221;post_content&#8221;][et_pb_column type=&#8221;4_4&#8243; _builder_version=&#8221;4.16.0&#8243; _module_preset=&#8221;default&#8221; global_colors_info=&#8221;{}&#8221; theme_builder_area=&#8221;post_content&#8221;][et_pb_text _builder_version=&#8221;4.15.1&#8243; _module_preset=&#8221;default&#8221; text_font_size=&#8221;49px&#8221; header_text_color=&#8221;#E02B20&#8243; header_font_size=&#8221;58px&#8221; custom_padding=&#8221;0px||5px|||&#8221; hover_enabled=&#8221;0&#8243; global_colors_info=&#8221;{}&#8221; theme_builder_area=&#8221;post_content&#8221; sticky_enabled=&#8221;0&#8243;]<h1 style=\"text-align: left;\">ProSHM-HUMIDITY<\/h1>[\/et_pb_text][\/et_pb_column][\/et_pb_row][et_pb_row column_structure=&#8221;3_5,2_5&#8243; module_class=&#8221;inverse&#8221; _builder_version=&#8221;4.15.1&#8243; _module_preset=&#8221;default&#8221; global_colors_info=&#8221;{}&#8221; theme_builder_area=&#8221;post_content&#8221;][et_pb_column type=&#8221;3_5&#8243; _builder_version=&#8221;4.16.0&#8243; _module_preset=&#8221;default&#8221; global_colors_info=&#8221;{}&#8221; theme_builder_area=&#8221;post_content&#8221;][et_pb_text _builder_version=&#8221;4.15.1&#8243; _module_preset=&#8221;default&#8221; text_font_size=&#8221;20px&#8221; text_orientation=&#8221;justified&#8221; width=&#8221;87.3%&#8221; module_alignment=&#8221;left&#8221; custom_padding=&#8221;0px||0px|0px|false|false&#8221; hover_enabled=&#8221;0&#8243; global_colors_info=&#8221;{}&#8221; theme_builder_area=&#8221;post_content&#8221; sticky_enabled=&#8221;0&#8243;]<p>Le syst\u00e8me ProSHM-HUMIDITY de DFinder est une solution avanc\u00e9e pour la d\u00e9tection et la mesure de l'humidit\u00e9 dans les structures en b\u00e9ton. Gr\u00e2ce \u00e0 des capteurs int\u00e9gr\u00e9s, ProSHM-HUMIDITY permet une identification pr\u00e9coce des niveaux d'humidit\u00e9 apr\u00e8s une calibration initiale, ce qui est essentiel pour maintenir l'int\u00e9grit\u00e9 des structures en b\u00e9ton. Le syst\u00e8me surveille en continu les variations d'humidit\u00e9, capturant des donn\u00e9es historiques pour analyser le comportement des mat\u00e9riaux. Lorsqu'un seuil d'humidit\u00e9 pr\u00e9d\u00e9fini est atteint, ProSHM-HUMIDITY envoie des alertes automatiques \u00e0 la centrale de contr\u00f4le, permettant ainsi une r\u00e9ponse rapide et efficace aux conditions potentiellement dommageables.<\/p>[\/et_pb_text][\/et_pb_column][et_pb_column type=&#8221;2_5&#8243; _builder_version=&#8221;4.16.0&#8243; _module_preset=&#8221;default&#8221; global_colors_info=&#8221;{}&#8221; theme_builder_area=&#8221;post_content&#8221;][et_pb_image src=&#8221;https:\/\/dfinder.eu\/wp-content\/uploads\/2024\/08\/ProCORROSION-cote-1.jpg&#8221; title_text=&#8221;ProCORROSION-cote&#8221; _builder_version=&#8221;4.15.1&#8243; _module_preset=&#8221;default&#8221; width=&#8221;105%&#8221; max_width=&#8221;118%&#8221; module_alignment=&#8221;center&#8221; height=&#8221;307px&#8221; hover_enabled=&#8221;0&#8243; box_shadow_style=&#8221;preset2&#8243; global_colors_info=&#8221;{}&#8221; theme_builder_area=&#8221;post_content&#8221; alt=&#8221;This image is a photo of our corrosion detection system : ProCORROSION&#8221; sticky_enabled=&#8221;0&#8243;][\/et_pb_image][\/et_pb_column][\/et_pb_row][et_pb_row column_structure=&#8221;1_2,1_2&#8243; _builder_version=&#8221;4.15.1&#8243; _module_preset=&#8221;default&#8221; custom_margin=&#8221;50px||||false|false&#8221; global_colors_info=&#8221;{}&#8221; theme_builder_area=&#8221;post_content&#8221;][et_pb_column type=&#8221;1_2&#8243; _builder_version=&#8221;4.15.1&#8243; _module_preset=&#8221;default&#8221; global_colors_info=&#8221;{}&#8221; theme_builder_area=&#8221;post_content&#8221;][et_pb_image src=&#8221;https:\/\/dfinder.eu\/wp-content\/uploads\/2024\/08\/Document_Corrosion_capture_12sec.png&#8221; alt=&#8221;schema de 3 \u00e9oliennes&#8221; title_text=&#8221;Document_Corrosion_capture_12sec&#8221; _builder_version=&#8221;4.15.1&#8243; _module_preset=&#8221;default&#8221; module_alignment=&#8221;left&#8221; custom_margin=&#8221;||||false|false&#8221; hover_enabled=&#8221;0&#8243; box_shadow_style=&#8221;preset2&#8243; global_colors_info=&#8221;{}&#8221; theme_builder_area=&#8221;post_content&#8221; sticky_enabled=&#8221;0&#8243;][\/et_pb_image][\/et_pb_column][et_pb_column type=&#8221;1_2&#8243; _builder_version=&#8221;4.15.1&#8243; _module_preset=&#8221;default&#8221; global_colors_info=&#8221;{}&#8221; theme_builder_area=&#8221;post_content&#8221;][et_pb_text _builder_version=&#8221;4.15.1&#8243; _module_preset=&#8221;default&#8221; text_font_size=&#8221;20px&#8221; text_orientation=&#8221;justified&#8221; width=&#8221;87.3%&#8221; module_alignment=&#8221;left&#8221; custom_padding=&#8221;0px||0px|0px|false|false&#8221; hover_enabled=&#8221;0&#8243; global_colors_info=&#8221;{}&#8221; theme_builder_area=&#8221;post_content&#8221; sticky_enabled=&#8221;0&#8243;]<p>Con\u00e7u pour une utilisation sur des structures en b\u00e9ton telles que celles couramment utilis\u00e9es dans les ouvrages de g\u00e9nie civil, le syst\u00e8me ProSHM-HUMIDITY de DFinder offre une analyse pr\u00e9cise et fiable de l'humidit\u00e9. Ce syst\u00e8me est \u00e9quip\u00e9 d'une interface Homme-Machine (HMI) intuitive qui permet un acc\u00e8s facile aux r\u00e9sultats de mesure et aux alertes en temps r\u00e9el, facilitant ainsi le suivi et la gestion \u00e0 distance. ProSHM-HUMIDITY est enti\u00e8rement adaptable aux besoins sp\u00e9cifiques de chaque application, avec un mat\u00e9riel et un logiciel personnalis\u00e9s pour garantir une calibration pr\u00e9cise et des mesures sensibles, assurant la durabilit\u00e9 et la s\u00e9curit\u00e9 des structures surveill\u00e9es.<\/p>[\/et_pb_text][\/et_pb_column][\/et_pb_row][\/et_pb_section]","protected":false},"excerpt":{"rendered":"<p>DFinder ProductsProSHM-HUMIDITYThe ProSHM-HUMIDITY system by DFinder is an advanced solution for detecting and measuring humidity in concrete structures. Using integrated sensors, ProSHM-HUMIDITY enables early identification of humidity levels after initial calibration, which is essential for maintaining the integrity of concrete structures. The system continuously monitors humidity variations, capturing historical data to analyze material behavior. When [&hellip;]<\/p>","protected":false},"author":1,"featured_media":0,"parent":0,"menu_order":0,"comment_status":"closed","ping_status":"closed","template":"","meta":{"_et_pb_use_builder":"on","_et_pb_old_content":"","_et_gb_content_width":"","footnotes":""},"class_list":["post-1171","page","type-page","status-publish","hentry"],"yoast_head":"<!-- This site is optimized with the Yoast SEO plugin v22.3 - https:\/\/yoast.com\/wordpress\/plugins\/seo\/ -->\n<title>ProSHM-HUMIDITY | Dfinder<\/title>\n<meta name=\"robots\" content=\"index, follow, max-snippet:-1, max-image-preview:large, max-video-preview:-1\" \/>\n<link rel=\"canonical\" href=\"https:\/\/dfinder.eu\/fr_fr\/proshm-humidity\/\" \/>\n<meta property=\"og:locale\" content=\"fr_FR\" \/>\n<meta property=\"og:type\" content=\"article\" \/>\n<meta property=\"og:title\" content=\"ProSHM-HUMIDITY | Dfinder\" \/>\n<meta property=\"og:description\" content=\"DFinder ProductsProSHM-HUMIDITYThe ProSHM-HUMIDITY system by DFinder is an advanced solution for detecting and measuring humidity in concrete structures. Using integrated sensors, ProSHM-HUMIDITY enables early identification of humidity levels after initial calibration, which is essential for maintaining the integrity of concrete structures. The system continuously monitors humidity variations, capturing historical data to analyze material behavior. When [&hellip;]\" \/>\n<meta property=\"og:url\" content=\"https:\/\/dfinder.eu\/fr_fr\/proshm-humidity\/\" \/>\n<meta property=\"og:site_name\" content=\"Dfinder\" \/>\n<meta property=\"article:modified_time\" content=\"2024-08-30T12:12:18+00:00\" \/>\n<meta name=\"twitter:card\" content=\"summary_large_image\" \/>\n<meta name=\"twitter:label1\" content=\"Dur\u00e9e de lecture estim\u00e9e\" \/>\n\t<meta name=\"twitter:data1\" content=\"2 minutes\" \/>\n<script type=\"application\/ld+json\" class=\"yoast-schema-graph\">{\"@context\":\"https:\/\/schema.org\",\"@graph\":[{\"@type\":\"WebPage\",\"@id\":\"https:\/\/dfinder.eu\/proshm-humidity\/\",\"url\":\"https:\/\/dfinder.eu\/proshm-humidity\/\",\"name\":\"ProSHM-HUMIDITY | Dfinder\",\"isPartOf\":{\"@id\":\"https:\/\/dfinder.eu\/#website\"},\"datePublished\":\"2024-08-30T12:12:04+00:00\",\"dateModified\":\"2024-08-30T12:12:18+00:00\",\"breadcrumb\":{\"@id\":\"https:\/\/dfinder.eu\/proshm-humidity\/#breadcrumb\"},\"inLanguage\":\"fr-FR\",\"potentialAction\":[{\"@type\":\"ReadAction\",\"target\":[\"https:\/\/dfinder.eu\/proshm-humidity\/\"]}]},{\"@type\":\"BreadcrumbList\",\"@id\":\"https:\/\/dfinder.eu\/proshm-humidity\/#breadcrumb\",\"itemListElement\":[{\"@type\":\"ListItem\",\"position\":1,\"name\":\"Accueil\",\"item\":\"https:\/\/dfinder.eu\/\"},{\"@type\":\"ListItem\",\"position\":2,\"name\":\"ProSHM-HUMIDITY\"}]},{\"@type\":\"WebSite\",\"@id\":\"https:\/\/dfinder.eu\/#website\",\"url\":\"https:\/\/dfinder.eu\/\",\"name\":\"Dfinder\",\"description\":\"Le partenaire performance\",\"publisher\":{\"@id\":\"https:\/\/dfinder.eu\/#organization\"},\"potentialAction\":[{\"@type\":\"SearchAction\",\"target\":{\"@type\":\"EntryPoint\",\"urlTemplate\":\"https:\/\/dfinder.eu\/?s={search_term_string}\"},\"query-input\":\"required name=search_term_string\"}],\"inLanguage\":\"fr-FR\"},{\"@type\":\"Organization\",\"@id\":\"https:\/\/dfinder.eu\/#organization\",\"name\":\"DFinder\",\"url\":\"https:\/\/dfinder.eu\/\",\"logo\":{\"@type\":\"ImageObject\",\"inLanguage\":\"fr-FR\",\"@id\":\"https:\/\/dfinder.eu\/#\/schema\/logo\/image\/\",\"url\":\"https:\/\/i0.wp.com\/dfinder.eu\/wp-content\/uploads\/2022\/04\/logoHeader.png?fit=117%2C102&ssl=1\",\"contentUrl\":\"https:\/\/i0.wp.com\/dfinder.eu\/wp-content\/uploads\/2022\/04\/logoHeader.png?fit=117%2C102&ssl=1\",\"width\":117,\"height\":102,\"caption\":\"DFinder\"},\"image\":{\"@id\":\"https:\/\/dfinder.eu\/#\/schema\/logo\/image\/\"}}]}<\/script>\n<!-- \/ Yoast SEO plugin. -->","yoast_head_json":{"title":"ProSHM-HUMIDITY | Dfinder","robots":{"index":"index","follow":"follow","max-snippet":"max-snippet:-1","max-image-preview":"max-image-preview:large","max-video-preview":"max-video-preview:-1"},"canonical":"https:\/\/dfinder.eu\/fr_fr\/proshm-humidity\/","og_locale":"fr_FR","og_type":"article","og_title":"ProSHM-HUMIDITY | Dfinder","og_description":"DFinder ProductsProSHM-HUMIDITYThe ProSHM-HUMIDITY system by DFinder is an advanced solution for detecting and measuring humidity in concrete structures. Using integrated sensors, ProSHM-HUMIDITY enables early identification of humidity levels after initial calibration, which is essential for maintaining the integrity of concrete structures. The system continuously monitors humidity variations, capturing historical data to analyze material behavior. When [&hellip;]","og_url":"https:\/\/dfinder.eu\/fr_fr\/proshm-humidity\/","og_site_name":"Dfinder","article_modified_time":"2024-08-30T12:12:18+00:00","twitter_card":"summary_large_image","twitter_misc":{"Dur\u00e9e de lecture estim\u00e9e":"2 minutes"},"schema":{"@context":"https:\/\/schema.org","@graph":[{"@type":"WebPage","@id":"https:\/\/dfinder.eu\/proshm-humidity\/","url":"https:\/\/dfinder.eu\/proshm-humidity\/","name":"ProSHM-HUMIDITY | Dfinder","isPartOf":{"@id":"https:\/\/dfinder.eu\/#website"},"datePublished":"2024-08-30T12:12:04+00:00","dateModified":"2024-08-30T12:12:18+00:00","breadcrumb":{"@id":"https:\/\/dfinder.eu\/proshm-humidity\/#breadcrumb"},"inLanguage":"fr-FR","potentialAction":[{"@type":"ReadAction","target":["https:\/\/dfinder.eu\/proshm-humidity\/"]}]},{"@type":"BreadcrumbList","@id":"https:\/\/dfinder.eu\/proshm-humidity\/#breadcrumb","itemListElement":[{"@type":"ListItem","position":1,"name":"Accueil","item":"https:\/\/dfinder.eu\/"},{"@type":"ListItem","position":2,"name":"ProSHM-HUMIDITY"}]},{"@type":"WebSite","@id":"https:\/\/dfinder.eu\/#website","url":"https:\/\/dfinder.eu\/","name":"Dfinder","description":"Le partenaire performance","publisher":{"@id":"https:\/\/dfinder.eu\/#organization"},"potentialAction":[{"@type":"SearchAction","target":{"@type":"EntryPoint","urlTemplate":"https:\/\/dfinder.eu\/?s={search_term_string}"},"query-input":"required name=search_term_string"}],"inLanguage":"fr-FR"},{"@type":"Organization","@id":"https:\/\/dfinder.eu\/#organization","name":"DFinder","url":"https:\/\/dfinder.eu\/","logo":{"@type":"ImageObject","inLanguage":"fr-FR","@id":"https:\/\/dfinder.eu\/#\/schema\/logo\/image\/","url":"https:\/\/i0.wp.com\/dfinder.eu\/wp-content\/uploads\/2022\/04\/logoHeader.png?fit=117%2C102&ssl=1","contentUrl":"https:\/\/i0.wp.com\/dfinder.eu\/wp-content\/uploads\/2022\/04\/logoHeader.png?fit=117%2C102&ssl=1","width":117,"height":102,"caption":"DFinder"},"image":{"@id":"https:\/\/dfinder.eu\/#\/schema\/logo\/image\/"}}]}},"jetpack_sharing_enabled":true,"_links":{"self":[{"href":"https:\/\/dfinder.eu\/fr_fr\/wp-json\/wp\/v2\/pages\/1171","targetHints":{"allow":["GET"]}}],"collection":[{"href":"https:\/\/dfinder.eu\/fr_fr\/wp-json\/wp\/v2\/pages"}],"about":[{"href":"https:\/\/dfinder.eu\/fr_fr\/wp-json\/wp\/v2\/types\/page"}],"author":[{"embeddable":true,"href":"https:\/\/dfinder.eu\/fr_fr\/wp-json\/wp\/v2\/users\/1"}],"replies":[{"embeddable":true,"href":"https:\/\/dfinder.eu\/fr_fr\/wp-json\/wp\/v2\/comments?post=1171"}],"version-history":[{"count":3,"href":"https:\/\/dfinder.eu\/fr_fr\/wp-json\/wp\/v2\/pages\/1171\/revisions"}],"predecessor-version":[{"id":1175,"href":"https:\/\/dfinder.eu\/fr_fr\/wp-json\/wp\/v2\/pages\/1171\/revisions\/1175"}],"wp:attachment":[{"href":"https:\/\/dfinder.eu\/fr_fr\/wp-json\/wp\/v2\/media?parent=1171"}],"curies":[{"name":"wp","href":"https:\/\/api.w.org\/{rel}","templated":true}]}}