{"id":1168,"date":"2024-08-30T12:05:52","date_gmt":"2024-08-30T12:05:52","guid":{"rendered":"https:\/\/dfinder.eu\/?page_id=1168"},"modified":"2024-08-30T12:19:15","modified_gmt":"2024-08-30T12:19:15","slug":"proshm-corrosion","status":"publish","type":"page","link":"https:\/\/dfinder.eu\/fr_fr\/proshm-corrosion\/","title":{"rendered":"ProSHM-CORROSION"},"content":{"rendered":"<p>[et_pb_section fb_built=&#8221;1&#8243; fullwidth=&#8221;on&#8221; _builder_version=&#8221;4.15.1&#8243; _module_preset=&#8221;default&#8221; background_color=&#8221;rgba(0,0,0,0.2)&#8221; background_image=&#8221;https:\/\/dfinder.eu\/wp-content\/uploads\/2022\/04\/iStock-1184805318-scaled.jpg&#8221; background_blend=&#8221;darken&#8221; custom_margin=&#8221;0px||0px||true|false&#8221; global_colors_info=&#8221;{}&#8221; theme_builder_area=&#8221;post_content&#8221;][et_pb_fullwidth_header background_overlay_color=&#8221;rgba(0,0,0,0.24)&#8221; _builder_version=&#8221;4.15.1&#8243; _module_preset=&#8221;default&#8221; title_text_align=&#8221;center&#8221; title_font_size=&#8221;60px&#8221; content_text_align=&#8221;center&#8221; content_font_size=&#8221;65px&#8221; background_enable_color=&#8221;off&#8221; background_enable_image=&#8221;off&#8221; min_height=&#8221;505.8px&#8221; custom_margin=&#8221;0px||||false|false&#8221; custom_padding=&#8221;200px||145px||false|false&#8221; motion_trigger_start=&#8221;top&#8221; title_font_size_tablet=&#8221;60px&#8221; title_font_size_phone=&#8221;60px&#8221; title_font_size_last_edited=&#8221;on|phone&#8221; content_font_size_tablet=&#8221;65px&#8221; content_font_size_phone=&#8221;33px&#8221; content_font_size_last_edited=&#8221;on|phone&#8221; global_colors_info=&#8221;{}&#8221; theme_builder_area=&#8221;post_content&#8221;]<\/p>\n<p style=\"text-align: center;\">Produits DFinder<\/p>\n<p>[\/et_pb_fullwidth_header][\/et_pb_section][et_pb_section fb_built=&#8221;1&#8243; _builder_version=&#8221;4.15.1&#8243; _module_preset=&#8221;default&#8221; background_color=&#8221;#E0E0E0&#8243; top_divider_color=&#8221;#DB403D&#8221; top_divider_height=&#8221;29px&#8221; global_colors_info=&#8221;{}&#8221; theme_builder_area=&#8221;post_content&#8221;][et_pb_row _builder_version=&#8221;4.16.0&#8243; _module_preset=&#8221;default&#8221; global_colors_info=&#8221;{}&#8221; theme_builder_area=&#8221;post_content&#8221;][et_pb_column type=&#8221;4_4&#8243; _builder_version=&#8221;4.16.0&#8243; _module_preset=&#8221;default&#8221; global_colors_info=&#8221;{}&#8221; theme_builder_area=&#8221;post_content&#8221;][et_pb_text _builder_version=&#8221;4.15.1&#8243; _module_preset=&#8221;default&#8221; text_font_size=&#8221;49px&#8221; header_text_color=&#8221;#E02B20&#8243; header_font_size=&#8221;58px&#8221; custom_padding=&#8221;0px||5px|||&#8221; hover_enabled=&#8221;0&#8243; global_colors_info=&#8221;{}&#8221; theme_builder_area=&#8221;post_content&#8221; sticky_enabled=&#8221;0&#8243;]<\/p>\n<h1 style=\"text-align: left;\">ProSHM-CORROSION<\/h1>\n<p>[\/et_pb_text][\/et_pb_column][\/et_pb_row][et_pb_row column_structure=&#8221;3_5,2_5&#8243; module_class=&#8221;inverse&#8221; _builder_version=&#8221;4.15.1&#8243; _module_preset=&#8221;default&#8221; global_colors_info=&#8221;{}&#8221; theme_builder_area=&#8221;post_content&#8221;][et_pb_column type=&#8221;3_5&#8243; _builder_version=&#8221;4.16.0&#8243; _module_preset=&#8221;default&#8221; global_colors_info=&#8221;{}&#8221; theme_builder_area=&#8221;post_content&#8221;][et_pb_text _builder_version=&#8221;4.15.1&#8243; _module_preset=&#8221;default&#8221; text_font_size=&#8221;20px&#8221; text_orientation=&#8221;justified&#8221; width=&#8221;87.3%&#8221; module_alignment=&#8221;left&#8221; custom_padding=&#8221;0px||0px|0px|false|false&#8221; hover_enabled=&#8221;0&#8243; global_colors_info=&#8221;{}&#8221; theme_builder_area=&#8221;post_content&#8221; sticky_enabled=&#8221;0&#8243;]<\/p>\n<p>Le syst\u00e8me ProSHM-CORROSION de DFinder est une solution innovante pour la d\u00e9tection et la surveillance de la corrosion dans les structures m\u00e9talliques. Gr\u00e2ce \u00e0 des mesures \u00e9lectriques, ProSHM-CORROSION peut identifier les d\u00e9viations par rapport au comportement structurel normal, permettant une d\u00e9tection pr\u00e9coce et une localisation pr\u00e9cise des zones endommag\u00e9es. Ce syst\u00e8me capture des donn\u00e9es historiques, surveille en continu la progression de la corrosion et fournit un syst\u00e8me de classement clair pour \u00e9valuer les niveaux de dommages. Con\u00e7u pour \u00eatre utilis\u00e9 sur des structures immerg\u00e9es, telles que les sous-structures flottantes et les renforts m\u00e9talliques dans le b\u00e9ton, ProSHM-CORROSION assure une maintenance rapide en envoyant des alertes automatiques lorsque les seuils de corrosion sont d\u00e9pass\u00e9s.<\/p>\n<p>[\/et_pb_text][\/et_pb_column][et_pb_column type=&#8221;2_5&#8243; _builder_version=&#8221;4.16.0&#8243; _module_preset=&#8221;default&#8221; global_colors_info=&#8221;{}&#8221; theme_builder_area=&#8221;post_content&#8221;][et_pb_image src=&#8221;https:\/\/dfinder.eu\/wp-content\/uploads\/2024\/08\/ProCORROSION-cote-1.jpg&#8221; alt=&#8221;This image is a photo of our corrosion detection system : ProCORROSION&#8221; title_text=&#8221;ProCORROSION-cote&#8221; _builder_version=&#8221;4.15.1&#8243; _module_preset=&#8221;default&#8221; width=&#8221;105%&#8221; max_width=&#8221;118%&#8221; module_alignment=&#8221;center&#8221; height=&#8221;307px&#8221; box_shadow_style=&#8221;preset2&#8243; global_colors_info=&#8221;{}&#8221; theme_builder_area=&#8221;post_content&#8221;][\/et_pb_image][\/et_pb_column][\/et_pb_row][et_pb_row column_structure=&#8221;1_2,1_2&#8243; _builder_version=&#8221;4.15.1&#8243; _module_preset=&#8221;default&#8221; custom_margin=&#8221;50px|auto|50px|auto|true|false&#8221; global_colors_info=&#8221;{}&#8221; theme_builder_area=&#8221;post_content&#8221;][et_pb_column type=&#8221;1_2&#8243; _builder_version=&#8221;4.15.1&#8243; _module_preset=&#8221;default&#8221; global_colors_info=&#8221;{}&#8221; theme_builder_area=&#8221;post_content&#8221;][et_pb_image src=&#8221;https:\/\/dfinder.eu\/wp-content\/uploads\/2024\/08\/courbe.png&#8221; alt=&#8221;Graphs of corrosion&#8221; title_text=&#8221;courbe-corrosion&#8221; _builder_version=&#8221;4.15.1&#8243; _module_preset=&#8221;default&#8221; module_alignment=&#8221;left&#8221; custom_margin=&#8221;||||false|false&#8221; hover_enabled=&#8221;0&#8243; box_shadow_style=&#8221;preset2&#8243; global_colors_info=&#8221;{}&#8221; theme_builder_area=&#8221;post_content&#8221; sticky_enabled=&#8221;0&#8243;][\/et_pb_image][\/et_pb_column][et_pb_column type=&#8221;1_2&#8243; _builder_version=&#8221;4.15.1&#8243; _module_preset=&#8221;default&#8221; global_colors_info=&#8221;{}&#8221; theme_builder_area=&#8221;post_content&#8221;][et_pb_text _builder_version=&#8221;4.15.1&#8243; _module_preset=&#8221;default&#8221; text_font_size=&#8221;20px&#8221; text_orientation=&#8221;justified&#8221; width=&#8221;100%&#8221; module_alignment=&#8221;left&#8221; custom_padding=&#8221;0px||0px|0px|false|false&#8221; hover_enabled=&#8221;0&#8243; global_colors_info=&#8221;{}&#8221; theme_builder_area=&#8221;post_content&#8221; sticky_enabled=&#8221;0&#8243;]<\/p>\n<p>Le syst\u00e8me ProSHM-CORROSION de DFinder est optimis\u00e9 pour diverses applications, des structures m\u00e9talliques immerg\u00e9es aux b\u00e9tons arm\u00e9s. Il utilise des capteurs avanc\u00e9s et l'injection de courant \u00e9lectrique pour analyser le comportement des mat\u00e9riaux en cas de corrosion, fournissant des \u00e9valuations compl\u00e8tes des niveaux de dommages. Le syst\u00e8me est \u00e9quip\u00e9 d'une interface Homme-Machine (HMI) conviviale qui facilite le transfert de donn\u00e9es \u00e0 longue distance et la surveillance en temps r\u00e9el. Le mat\u00e9riel et le logiciel de ProSHM-CORROSION sont personnalisables en fonction des exigences sp\u00e9cifiques de chaque cas d'utilisation, assurant une calibration pr\u00e9cise et une sensibilit\u00e9 adapt\u00e9e aux caract\u00e9ristiques de conception et des mat\u00e9riaux de la structure.<\/p>\n<p>[\/et_pb_text][\/et_pb_column][\/et_pb_row][\/et_pb_section]<\/p>","protected":false},"excerpt":{"rendered":"<p>DFinder ProductsProSHM-CORROSIONThe ProSHM-CORROSION system by DFinder is an innovative solution for detecting and monitoring corrosion in metallic structures. Using electrical measurements, ProSHM-CORROSION can identify deviations from normal structural behavior, helping for early detection and precise location of damaged areas. This system captures historical data, continuously monitors corrosion progression, and provides a clear grading system to [&hellip;]<\/p>","protected":false},"author":1,"featured_media":0,"parent":0,"menu_order":0,"comment_status":"closed","ping_status":"closed","template":"","meta":{"_et_pb_use_builder":"on","_et_pb_old_content":"","_et_gb_content_width":"","footnotes":""},"class_list":["post-1168","page","type-page","status-publish","hentry"],"yoast_head":"<!-- This site is optimized with the Yoast SEO plugin v22.3 - https:\/\/yoast.com\/wordpress\/plugins\/seo\/ -->\n<title>ProSHM-CORROSION | Dfinder<\/title>\n<meta name=\"robots\" content=\"index, follow, max-snippet:-1, max-image-preview:large, max-video-preview:-1\" \/>\n<link rel=\"canonical\" href=\"https:\/\/dfinder.eu\/fr_fr\/proshm-corrosion\/\" \/>\n<meta property=\"og:locale\" content=\"fr_FR\" \/>\n<meta property=\"og:type\" content=\"article\" \/>\n<meta property=\"og:title\" content=\"ProSHM-CORROSION | Dfinder\" \/>\n<meta property=\"og:description\" content=\"DFinder ProductsProSHM-CORROSIONThe ProSHM-CORROSION system by DFinder is an innovative solution for detecting and monitoring corrosion in metallic structures. Using electrical measurements, ProSHM-CORROSION can identify deviations from normal structural behavior, helping for early detection and precise location of damaged areas. This system captures historical data, continuously monitors corrosion progression, and provides a clear grading system to [&hellip;]\" \/>\n<meta property=\"og:url\" content=\"https:\/\/dfinder.eu\/fr_fr\/proshm-corrosion\/\" \/>\n<meta property=\"og:site_name\" content=\"Dfinder\" \/>\n<meta property=\"article:modified_time\" content=\"2024-08-30T12:19:15+00:00\" \/>\n<meta name=\"twitter:card\" content=\"summary_large_image\" \/>\n<script type=\"application\/ld+json\" class=\"yoast-schema-graph\">{\"@context\":\"https:\/\/schema.org\",\"@graph\":[{\"@type\":\"WebPage\",\"@id\":\"https:\/\/dfinder.eu\/proshm-corrosion\/\",\"url\":\"https:\/\/dfinder.eu\/proshm-corrosion\/\",\"name\":\"ProSHM-CORROSION | Dfinder\",\"isPartOf\":{\"@id\":\"https:\/\/dfinder.eu\/#website\"},\"datePublished\":\"2024-08-30T12:05:52+00:00\",\"dateModified\":\"2024-08-30T12:19:15+00:00\",\"breadcrumb\":{\"@id\":\"https:\/\/dfinder.eu\/proshm-corrosion\/#breadcrumb\"},\"inLanguage\":\"fr-FR\",\"potentialAction\":[{\"@type\":\"ReadAction\",\"target\":[\"https:\/\/dfinder.eu\/proshm-corrosion\/\"]}]},{\"@type\":\"BreadcrumbList\",\"@id\":\"https:\/\/dfinder.eu\/proshm-corrosion\/#breadcrumb\",\"itemListElement\":[{\"@type\":\"ListItem\",\"position\":1,\"name\":\"Accueil\",\"item\":\"https:\/\/dfinder.eu\/\"},{\"@type\":\"ListItem\",\"position\":2,\"name\":\"ProSHM-CORROSION\"}]},{\"@type\":\"WebSite\",\"@id\":\"https:\/\/dfinder.eu\/#website\",\"url\":\"https:\/\/dfinder.eu\/\",\"name\":\"Dfinder\",\"description\":\"Le partenaire performance\",\"publisher\":{\"@id\":\"https:\/\/dfinder.eu\/#organization\"},\"potentialAction\":[{\"@type\":\"SearchAction\",\"target\":{\"@type\":\"EntryPoint\",\"urlTemplate\":\"https:\/\/dfinder.eu\/?s={search_term_string}\"},\"query-input\":\"required name=search_term_string\"}],\"inLanguage\":\"fr-FR\"},{\"@type\":\"Organization\",\"@id\":\"https:\/\/dfinder.eu\/#organization\",\"name\":\"DFinder\",\"url\":\"https:\/\/dfinder.eu\/\",\"logo\":{\"@type\":\"ImageObject\",\"inLanguage\":\"fr-FR\",\"@id\":\"https:\/\/dfinder.eu\/#\/schema\/logo\/image\/\",\"url\":\"https:\/\/i0.wp.com\/dfinder.eu\/wp-content\/uploads\/2022\/04\/logoHeader.png?fit=117%2C102&ssl=1\",\"contentUrl\":\"https:\/\/i0.wp.com\/dfinder.eu\/wp-content\/uploads\/2022\/04\/logoHeader.png?fit=117%2C102&ssl=1\",\"width\":117,\"height\":102,\"caption\":\"DFinder\"},\"image\":{\"@id\":\"https:\/\/dfinder.eu\/#\/schema\/logo\/image\/\"}}]}<\/script>\n<!-- \/ Yoast SEO plugin. -->","yoast_head_json":{"title":"ProSHM-CORROSION | Dfinder","robots":{"index":"index","follow":"follow","max-snippet":"max-snippet:-1","max-image-preview":"max-image-preview:large","max-video-preview":"max-video-preview:-1"},"canonical":"https:\/\/dfinder.eu\/fr_fr\/proshm-corrosion\/","og_locale":"fr_FR","og_type":"article","og_title":"ProSHM-CORROSION | Dfinder","og_description":"DFinder ProductsProSHM-CORROSIONThe ProSHM-CORROSION system by DFinder is an innovative solution for detecting and monitoring corrosion in metallic structures. Using electrical measurements, ProSHM-CORROSION can identify deviations from normal structural behavior, helping for early detection and precise location of damaged areas. This system captures historical data, continuously monitors corrosion progression, and provides a clear grading system to [&hellip;]","og_url":"https:\/\/dfinder.eu\/fr_fr\/proshm-corrosion\/","og_site_name":"Dfinder","article_modified_time":"2024-08-30T12:19:15+00:00","twitter_card":"summary_large_image","schema":{"@context":"https:\/\/schema.org","@graph":[{"@type":"WebPage","@id":"https:\/\/dfinder.eu\/proshm-corrosion\/","url":"https:\/\/dfinder.eu\/proshm-corrosion\/","name":"ProSHM-CORROSION | Dfinder","isPartOf":{"@id":"https:\/\/dfinder.eu\/#website"},"datePublished":"2024-08-30T12:05:52+00:00","dateModified":"2024-08-30T12:19:15+00:00","breadcrumb":{"@id":"https:\/\/dfinder.eu\/proshm-corrosion\/#breadcrumb"},"inLanguage":"fr-FR","potentialAction":[{"@type":"ReadAction","target":["https:\/\/dfinder.eu\/proshm-corrosion\/"]}]},{"@type":"BreadcrumbList","@id":"https:\/\/dfinder.eu\/proshm-corrosion\/#breadcrumb","itemListElement":[{"@type":"ListItem","position":1,"name":"Accueil","item":"https:\/\/dfinder.eu\/"},{"@type":"ListItem","position":2,"name":"ProSHM-CORROSION"}]},{"@type":"WebSite","@id":"https:\/\/dfinder.eu\/#website","url":"https:\/\/dfinder.eu\/","name":"Dfinder","description":"Le partenaire performance","publisher":{"@id":"https:\/\/dfinder.eu\/#organization"},"potentialAction":[{"@type":"SearchAction","target":{"@type":"EntryPoint","urlTemplate":"https:\/\/dfinder.eu\/?s={search_term_string}"},"query-input":"required name=search_term_string"}],"inLanguage":"fr-FR"},{"@type":"Organization","@id":"https:\/\/dfinder.eu\/#organization","name":"DFinder","url":"https:\/\/dfinder.eu\/","logo":{"@type":"ImageObject","inLanguage":"fr-FR","@id":"https:\/\/dfinder.eu\/#\/schema\/logo\/image\/","url":"https:\/\/i0.wp.com\/dfinder.eu\/wp-content\/uploads\/2022\/04\/logoHeader.png?fit=117%2C102&ssl=1","contentUrl":"https:\/\/i0.wp.com\/dfinder.eu\/wp-content\/uploads\/2022\/04\/logoHeader.png?fit=117%2C102&ssl=1","width":117,"height":102,"caption":"DFinder"},"image":{"@id":"https:\/\/dfinder.eu\/#\/schema\/logo\/image\/"}}]}},"jetpack_sharing_enabled":true,"_links":{"self":[{"href":"https:\/\/dfinder.eu\/fr_fr\/wp-json\/wp\/v2\/pages\/1168","targetHints":{"allow":["GET"]}}],"collection":[{"href":"https:\/\/dfinder.eu\/fr_fr\/wp-json\/wp\/v2\/pages"}],"about":[{"href":"https:\/\/dfinder.eu\/fr_fr\/wp-json\/wp\/v2\/types\/page"}],"author":[{"embeddable":true,"href":"https:\/\/dfinder.eu\/fr_fr\/wp-json\/wp\/v2\/users\/1"}],"replies":[{"embeddable":true,"href":"https:\/\/dfinder.eu\/fr_fr\/wp-json\/wp\/v2\/comments?post=1168"}],"version-history":[{"count":4,"href":"https:\/\/dfinder.eu\/fr_fr\/wp-json\/wp\/v2\/pages\/1168\/revisions"}],"predecessor-version":[{"id":1181,"href":"https:\/\/dfinder.eu\/fr_fr\/wp-json\/wp\/v2\/pages\/1168\/revisions\/1181"}],"wp:attachment":[{"href":"https:\/\/dfinder.eu\/fr_fr\/wp-json\/wp\/v2\/media?parent=1168"}],"curies":[{"name":"wp","href":"https:\/\/api.w.org\/{rel}","templated":true}]}}